{"id":555,"date":"2018-08-25T19:37:29","date_gmt":"2018-08-25T17:37:29","guid":{"rendered":"https:\/\/www.irwyn.de\/?page_id=555"},"modified":"2018-08-25T19:41:17","modified_gmt":"2018-08-25T17:41:17","slug":"basar-datenschutzordnung","status":"publish","type":"page","link":"https:\/\/www.irwyn.de\/?page_id=555","title":{"rendered":"Basar Datenschutzordnung"},"content":{"rendered":"<h1><span style=\"font-family: comic sans ms,sans-serif;\">Datenschutzordnung im Basar<\/span><\/h1>\n<h2><span style=\"font-family: comic sans ms,sans-serif;\">Pr\u00e4ambel<\/span><\/h2>\n<p><span style=\"font-family: comic sans ms,sans-serif;\">Das Basarteam Gro\u00df D\u00fcngen verarbeitet automatisiert personenbezogene Daten.<\/span><br \/>\n<span style=\"font-family: comic sans ms,sans-serif;\">Um die Vorgaben der EU-Datenschutz-Grundverordnung und des Bundesdatenschutzgesetzes zu<\/span><br \/>\n<span style=\"font-family: comic sans ms,sans-serif;\">erf\u00fcllen, Datenschutzverst\u00f6\u00dfe zu vermeiden und einen einheitlichen Umgang mit<\/span><br \/>\n<span style=\"font-family: comic sans ms,sans-serif;\">personenbezogenen Daten innerhalb der Gruppe zu gew\u00e4hrleisten, gibt sich das Basarteam die nachfolgende Datenschutzordnung.<\/span><\/p>\n<h2><span style=\"font-family: comic sans ms,sans-serif;\">\u00a7 1 Allgemeines<\/span><\/h2>\n<p><span style=\"font-family: comic sans ms,sans-serif;\">Das Basarteam verarbeitet personenbezogene Daten in Verkaufslisten (auch Helferlisten), sowohl automatisiert in EDV-Anlagen, als auch nicht automatisiert in einem Dateisystem, z.B. in Form von ausgedruckten Listen.<\/span><br \/>\n<span style=\"font-family: comic sans ms,sans-serif;\">In all diesen F\u00e4llen ist die EU-Datenschutz-Grundverordnung, das Bundesdatenschutzgesetz und<\/span><br \/>\n<span style=\"font-family: comic sans ms,sans-serif;\">diese Datenschutzordnung durch alle Personen im Basarteam (inkl. Helfer), die personenbezogene Daten verarbeiten, zu beachten.<\/span><\/p>\n<h2><span style=\"font-family: comic sans ms,sans-serif;\">\u00a7 2 Verarbeitung personenbezogener Daten<\/span><\/h2>\n<p><span style=\"font-family: comic sans ms,sans-serif;\">1. Der Basar speichert folgende Daten von Verk\u00e4ufern: Vorname, Nachname, Adresse, Telefonnummer, E-Mail Adresse und Adresse zur Speicherung\/Vergabe der Verkaufsnummern.<\/span><\/p>\n<p><span style=\"font-family: comic sans ms,sans-serif;\">2. Im Rahmen des Verkaufes verarbeitet der Basar folgenden Daten der Verk\u00e4ufer: Vorname, Nachname, Adresse, Telefonnummer, E-Mail-Adresse, Basarnummer und die Ums\u00e4tze.<\/span><\/p>\n<p><span style=\"font-family: comic sans ms,sans-serif;\">3. Im Rahmen der Koordination der Helfer speichert der Basar folgende Daten: Vorname, Name.<\/span><\/p>\n<p><span style=\"font-family: comic sans ms,sans-serif;\">4. Im Rahmen der Statistik und f\u00fcr Reklamationen verarbeitet der Basar folgende Daten: Name, Vorname, Verkaufsnummer und Ums\u00e4tze.<\/span><\/p>\n<h2><span style=\"font-family: comic sans ms,sans-serif;\">\u00a7 3 Datenverarbeitung im Rahmen der \u00d6ffentlichkeitsarbeit<\/span><\/h2>\n<p><span style=\"font-family: comic sans ms,sans-serif;\">Nicht vorhanden.<\/span><\/p>\n<h2><span style=\"font-family: comic sans ms,sans-serif;\">\u00a7 4 Zust\u00e4ndigkeiten f\u00fcr die Datenverarbeitung im Basar<\/span><\/h2>\n<p><span style=\"font-family: comic sans ms,sans-serif;\">Verantwortlich f\u00fcr die Einhaltung der datenschutzrechtlichen Vorgaben ist das Basar Team . Das Basar Team stellt sicher, dass Verzeichnisse der Verarbeitungst\u00e4tigkeiten nach Art. 30 DSGVO gef\u00fchrt und die Informationspflichten nach Art. 13 und 14 DSGVO erf\u00fcllt werden. Es ist f\u00fcr die Beantwortung von Auskunftsverlangen von betroffenen Personen zust\u00e4ndig.<\/span><\/p>\n<h2><span style=\"font-family: comic sans ms,sans-serif;\">\u00a7 5 Verwendung und Herausgabe von Verkaufsdaten und -listen<\/span><\/h2>\n<p><span style=\"font-family: comic sans ms,sans-serif;\"> Listen von Helfern und Verk\u00e4ufern werden den jeweiligen Mitarbeitern\/-innen im Basar insofern zur Verf\u00fcgung gestellt, wie es die jeweilige Aufgabenstellung erfordert. Beim Umfang der dabei verwendeten personenbezogenen Daten ist das Gebot der Datensparsamkeit zu beachten.<\/span><\/p>\n<h2><span style=\"font-family: comic sans ms,sans-serif;\">\u00a7 6 Kommunikation per E-Mail<\/span><\/h2>\n<p><span style=\"font-family: comic sans ms,sans-serif;\">Beim Versand von E-Mails an eine Vielzahl von Personen, die nicht in einem st\u00e4ndigen Kontakt per E-Mail unter einander stehen und\/oder deren private E-Mail-Accounts verwendet werden, sind die E-Mail-Adressen als \u201ebcc\u201c zu versenden.<\/span><\/p>\n<h2><span style=\"font-family: comic sans ms,sans-serif;\">\u00a7 7 Verpflichtung auf die Vertraulichkeit<\/span><\/h2>\n<p><span style=\"font-family: comic sans ms,sans-serif;\">Alle Mitarbeiterinnen im Basar, die Umgang mit personenbezogenen Daten haben, sind auf den vertraulichen Umgang mit personenbezogenen Daten zu verpflichten.<\/span><\/p>\n<h2><span style=\"font-family: comic sans ms,sans-serif;\">\u00a7 8 Datenschutzbeauftragter<\/span><\/h2>\n<p><span style=\"font-family: comic sans ms,sans-serif;\">Da im Basar nicht mindestens 10 Personen st\u00e4ndig mit der automatisierten Verarbeitung <\/span><span style=\"font-family: comic sans ms,sans-serif;\">personenbezogener Daten besch\u00e4ftigt sind, hat der Basar keinen Datenschutzbeauftragten zu benennen.<\/span><\/p>\n<h2><span style=\"font-family: comic sans ms,sans-serif;\">\u00a7 9 Einrichtung und Unterhaltung von Internetauftritten<\/span><\/h2>\n<p><span style=\"font-family: comic sans ms,sans-serif;\">1. Der Basar unterh\u00e4lt zentrale Auftritte. Die Einrichtung und Unterhaltung von Auftritten im Internet obliegt dem Administrator. \u00c4nderungen d\u00fcrfen ausschlie\u00dflich durch den Administrator vorgenommen werden.<br \/>\nN\u00e4heres zum Datenschutz des Internetauftrittes in der <a href=\"https:\/\/www.irwyn.de\/?page_id=500\">Datenschutzerkl\u00e4rung Website<\/a>.<br \/>\n<\/span><\/p>\n<h2><span style=\"font-family: comic sans ms,sans-serif;\">\u00a7 10 Verst\u00f6\u00dfe gegen datenschutzrechtliche<br \/>\nVorgaben und diese Ordnung<\/span><\/h2>\n<p><span style=\"font-family: comic sans ms,sans-serif;\">1. Alle Mitarbeiterinnen des Basars d\u00fcrfen nur im Rahmen ihrer jeweiligen Befugnisse Daten verarbeiten. Eine eigenm\u00e4chtige Datenerhebung, -nutzung oder -weitergabe ist untersagt.<\/span><\/p>\n<p><span style=\"font-family: comic sans ms,sans-serif;\">2. Verst\u00f6\u00dfe gegen allgemeine datenschutzrechtliche Vorgaben und insbesondere gegen diese Datenschutzordnung k\u00f6nnen mit einem Ausschluss aus dem Basarteam geahndet werden.<\/span><\/p>\n<h2><span style=\"font-family: comic sans ms,sans-serif;\">\u00a7 11 Inkrafttreten<\/span><\/h2>\n<p><span style=\"font-family: comic sans ms,sans-serif;\">Diese Datenschutzordnung wurde durch das Basarteam am 17.08.2018 beschlossen und tritt mit Ver\u00f6ffentlichung auf der Homepage des Basares in Kraft.<\/span><\/p>\n","protected":false},"excerpt":{"rendered":"<p>Datenschutzordnung im Basar Pr\u00e4ambel Das Basarteam Gro\u00df D\u00fcngen verarbeitet automatisiert personenbezogene Daten. Um die Vorgaben der EU-Datenschutz-Grundverordnung und des Bundesdatenschutzgesetzes zu erf\u00fcllen, Datenschutzverst\u00f6\u00dfe zu vermeiden und einen einheitlichen Umgang mit personenbezogenen Daten innerhalb der Gruppe zu gew\u00e4hrleisten, gibt sich das &hellip; <a href=\"https:\/\/www.irwyn.de\/?page_id=555\">Weiterlesen <span class=\"meta-nav\">&rarr;<\/span><\/a><\/p>\n","protected":false},"author":1,"featured_media":0,"parent":0,"menu_order":0,"comment_status":"closed","ping_status":"closed","template":"","meta":{"footnotes":""},"class_list":["post-555","page","type-page","status-publish","hentry"],"_links":{"self":[{"href":"https:\/\/www.irwyn.de\/index.php?rest_route=\/wp\/v2\/pages\/555","targetHints":{"allow":["GET"]}}],"collection":[{"href":"https:\/\/www.irwyn.de\/index.php?rest_route=\/wp\/v2\/pages"}],"about":[{"href":"https:\/\/www.irwyn.de\/index.php?rest_route=\/wp\/v2\/types\/page"}],"author":[{"embeddable":true,"href":"https:\/\/www.irwyn.de\/index.php?rest_route=\/wp\/v2\/users\/1"}],"replies":[{"embeddable":true,"href":"https:\/\/www.irwyn.de\/index.php?rest_route=%2Fwp%2Fv2%2Fcomments&post=555"}],"version-history":[{"count":3,"href":"https:\/\/www.irwyn.de\/index.php?rest_route=\/wp\/v2\/pages\/555\/revisions"}],"predecessor-version":[{"id":559,"href":"https:\/\/www.irwyn.de\/index.php?rest_route=\/wp\/v2\/pages\/555\/revisions\/559"}],"wp:attachment":[{"href":"https:\/\/www.irwyn.de\/index.php?rest_route=%2Fwp%2Fv2%2Fmedia&parent=555"}],"curies":[{"name":"wp","href":"https:\/\/api.w.org\/{rel}","templated":true}]}}