{"id":500,"date":"2018-05-27T12:44:49","date_gmt":"2018-05-27T10:44:49","guid":{"rendered":"http:\/\/www.irwyn.de\/?page_id=500"},"modified":"2018-06-12T20:32:08","modified_gmt":"2018-06-12T18:32:08","slug":"datenschutzerklaerung-2","status":"publish","type":"page","link":"https:\/\/www.irwyn.de\/?page_id=500","title":{"rendered":"Datenschutzerkl\u00e4rung"},"content":{"rendered":"<h2><span style=\"font-family: comic sans ms, sans-serif;\"><strong><span style=\"color: #0000ff;\"><br \/>\n<span style=\"font-family: comic sans ms, sans-serif;\">Wer wir sind<\/span><\/span><\/strong><\/span><\/h2>\n<p><span style=\"font-family: comic sans ms, sans-serif; font-size: 10pt;\">Die Adresse unserer Website ist: http:\/\/www.irwyn.de.<\/span><\/p>\n<p><span style=\"font-family: comic sans ms, sans-serif;\"><span style=\"font-size: 10pt;\">Private Website\u00a0 &#8211; nicht komerziell \/ gemeinn\u00fctzig &#8211; f\u00fcr das Basarteam Gro\u00df D\u00fcngen.<br \/>\n<\/span><span style=\"font-size: 10pt;\"><br \/>\nVerantwortliche Stelle im Sinne der Datenschutzgesetze, insbesondere der EU-Datenschutzgrundverordnung (DSGVO), ist der Administrator:<\/span><\/span><\/p>\n<p><span style=\"font-family: comic sans ms, sans-serif; font-size: 10pt;\">Axel Eichhoff, Kontakt siehe Impressum<\/span><\/p>\n<h2><span style=\"font-family: comic sans ms, sans-serif;\"><strong><span style=\"color: #0000ff;\"><br \/>\nWelche personenbezogenen Daten wir sammeln<\/span><\/strong><\/span><br \/>\n<span style=\"font-family: comic sans ms, sans-serif;\"><strong><span style=\"color: #0000ff;\"> und warum wir sie sammeln<\/span><\/strong><\/span><\/h2>\n<h3><span style=\"font-family: comic sans ms, sans-serif;\"><strong>Allgemein<\/strong><\/span><\/h3>\n<p><span style=\"font-family: comic sans ms, sans-serif; font-size: 10pt;\">Um diese Website vollumf\u00e4nglich zur Anmeldung oder zum Vormerken zu einem Basar zu nutzen, ist <strong>keine<\/strong> Benutzerregistrierung notwendig.<\/span><\/p>\n<p><span style=\"font-family: comic sans ms, sans-serif; font-size: 10pt;\">Die Datenschutzerkl\u00e4rung bezieht sich an dieser Stelle <strong>ausschlie\u00dflich<\/strong> auf die Datenerfassung, deren Speicherung und Weitergabe an das Basarteam im Rahmen dieser Website via Mail.<\/span><br \/>\n<span style=\"font-family: comic sans ms, sans-serif; font-size: 10pt;\">Sie bezieht sich<strong> nicht<\/strong> auf die Weiterverarbeitung der Daten, deren Speicherung und L\u00f6schung zum Zwecke der Basarorganisation durch das Basarteam.<\/span><br \/>\n<span style=\"font-family: comic sans ms, sans-serif; font-size: 10pt;\">Kontaktadresse zum Basarteam ist <a href=\"mailto:basar-gd@gmx.de\">basar-gd@gmx.de <\/a>.<\/span><\/p>\n<h3><span style=\"font-family: comic sans ms, sans-serif;\"><strong><br \/>\nKommentare<\/strong><\/span><\/h3>\n<p><span style=\"font-family: comic sans ms, sans-serif; font-size: 10pt;\">Wenn Besucher Kommentare auf der Website schreiben, sammeln wir die Daten, die im Kommentar-Formular angezeigt werden, au\u00dferdem die IP-Adresse des Besuchers und den User-Agent-String (damit wird der Browser identifiziert), um die Erkennung von Spam zu unterst\u00fctzen.<\/span><br \/>\n<span style=\"font-family: comic sans ms, sans-serif; font-size: 10pt;\">Aus deiner E-Mail-Adresse kann eine anonymisierte Zeichenfolge erstellt (auch Hash genannt) und dem Gravatar-Dienst \u00fcbergeben werden, um zu pr\u00fcfen, ob du diesen benutzt. Die Datenschutzerkl\u00e4rung des Gravatar-Dienstes findest du hier: https:\/\/automattic.com\/privacy\/. Nachdem dein Kommentar freigegeben wurde, ist dein Profilbild \u00f6ffentlich im Kontext deines Kommentars sichtbar.<\/span><\/p>\n<h3><span style=\"color: #000000; font-family: comic sans ms, sans-serif;\"><strong><br \/>\nKontaktformulare<\/strong><\/span><\/h3>\n<p><span style=\"font-family: comic sans ms, sans-serif; font-size: 10pt;\">Der Besucher der Website hat die M\u00f6glichkeit ein Kontaktformular auszuf\u00fcllen um sich an einem Basar anzumelden oder sich auf eine Warteliste setzen zu lassen.<\/span><br \/>\n<span style=\"font-family: comic sans ms, sans-serif; font-size: 10pt;\">Durch das Absenden des Formulares wird ein Mail an das Basarteam ausgel\u00f6st um die Anfrage zu \u00fcbermitteln. Es werden ausschlie\u00dflich die Daten weitergegeben, welche der Besucher eingegeben hat. Eine Kopie der Anfrage wird auch an die vom Besucher angegebene Mailadresse gesendet.<\/span><br \/>\n<span style=\"font-family: comic sans ms, sans-serif; font-size: 10pt;\">Die in dieser Website eingegebenen Daten der Anmeldeformulare werden zwecks Kontrolle bei Unstimmigkeiten zwischengespeichert bis der Basar abgeschlossen ist.<\/span><br \/>\n<span style=\"font-family: comic sans ms, sans-serif; font-size: 10pt;\">Einen erlaubten Zugriff auf diese Daten hat ausschlie\u00dflich der Administrator.<\/span><\/p>\n<p><span style=\"font-family: comic sans ms, sans-serif; font-size: 10pt;\">Der Besucher diese Website wird beim Ausf\u00fcllen der Kontaktformulare aufgefordert, sein Einverst\u00e4ndnis zu dieser Vorgehensweise zu erteilen.<\/span><\/p>\n<p><span style=\"font-family: comic sans ms,sans-serif; font-size: 10pt;\">Die Website und Daten\u00fcbertragung ist SSL-Verschl\u00fcsselt.<\/span><\/p>\n<h3><span style=\"font-family: comic sans ms, sans-serif;\"><strong><br \/>\nCookies<\/strong><\/span><\/h3>\n<p><span style=\"font-family: comic sans ms, sans-serif; font-size: 10pt;\">Wenn der Besucher einen Kommentar auf unserer Website schreibt, kann das eine Einwilligung sein, seinen Namen, E-Mail-Adresse und Website in Cookies zu speichern. Dies ist eine Komfortfunktion, damit der Besucher nicht, wenn er einen weiteren Kommentar schreibst, all diese Daten erneut eingeben muss. Diese Cookies werden ein Jahr lang gespeichert.<\/span><\/p>\n<h3><span style=\"font-family: comic sans ms, sans-serif;\"><strong><br \/>\nEingebettete Inhalte von anderen Websites<\/strong><\/span><\/h3>\n<p><span style=\"font-family: comic sans ms, sans-serif; font-size: 10pt;\">Beitr\u00e4ge auf dieser Website k\u00f6nnen eingebettete Inhalte beinhalten (z.\u00a0B. Videos, Bilder, Beitr\u00e4ge etc.). Eingebettete Inhalte von anderen Websites verhalten sich exakt so, als ob der Besucher die andere Website besucht h\u00e4tte.<\/span><br \/>\n<span style=\"font-family: comic sans ms, sans-serif; font-size: 10pt;\">Diese Websites k\u00f6nnen Daten \u00fcber dich sammeln, Cookies benutzen, zus\u00e4tzliche Tracking-Dienste von Dritten einbetten und deine Interaktion mit diesem eingebetteten Inhalt aufzeichnen, inklusive deiner Interaktion mit dem eingebetteten Inhalt, falls du ein Konto hast und auf dieser Website angemeldet bist.<\/span><\/p>\n<h3><span style=\"font-family: comic sans ms, sans-serif;\"><strong><br \/>\nVerwendung von Google Maps<\/strong><\/span><\/h3>\n<p><span style=\"font-family: comic sans ms, sans-serif; font-size: 10pt;\">Diese Webseite verwendet Google Maps API, um geographische Informationen visuell darzustellen. Bei der Nutzung von Google Maps werden von Google auch Daten \u00fcber die Nutzung der Kartenfunktionen durch Besucher erhoben, verarbeitet und genutzt. N\u00e4here Informationen \u00fcber die Datenverarbeitung durch Google k\u00f6nnen Sie <a href=\"http:\/\/www.google.com\/privacypolicy.html\" target=\"_blank\" rel=\"noopener\">den Google-Datenschutzhinweisen<\/a> entnehmen. Dort k\u00f6nnen Sie im Datenschutzcenter auch Ihre pers\u00f6nlichen Datenschutz-Einstellungen ver\u00e4ndern.<\/span><br \/>\n<span style=\"font-family: comic sans ms, sans-serif; font-size: 10pt;\">Ausf\u00fchrliche Anleitungen zur Verwaltung der eigenen Daten im Zusammenhang mit Google-Produkten<a href=\"http:\/\/www.dataliberation.org\/\" target=\"_blank\" rel=\"noopener\"> finden Sie hier<\/a>.<\/span><\/p>\n<h3><strong><span style=\"font-family: comic sans ms, sans-serif;\"><br \/>\nAkismet<\/span><\/strong><\/h3>\n<p class=\"policy-text\"><span style=\"font-family: comic sans ms,sans-serif;\"><span style=\"font-size: 10pt;\">Wir sammeln Informationen \u00fcber Besucher, die Kommentare auf Websites, die unseren Akismet Anti-Spam Service benutzen, hinterlassen. Das Ausma\u00df an Informationen, die wir sammeln, h\u00e4ngt davon ab, wie der Benutzer seine Website einstellt hat. Normalerweise beinhalten diese Daten die IP-Adresse des Benutzers, den User Agent, Referrer und Website-URL (sowie den Informationen, die der Benutzer direkt eingegeben hat wie z.B. Namen, Benutzernamen, E-Mail-Adresse und den Kommentar selbst)<\/span>.<\/span><\/p>\n<p>&nbsp;<\/p>\n<h2><span style=\"font-family: comic sans ms, sans-serif;\"><strong><span style=\"color: #0000ff;\">Mit wem wir deine Daten teilen<\/span><\/strong><\/span><\/h2>\n<p><span style=\"font-family: comic sans ms, sans-serif;\"><span style=\"color: #0000ff; font-size: 10pt;\"><span style=\"color: #000000;\">Die Daten der Kontaktformulare werden per Mail an das Basarteam und an die in den Kontaktformularen abgegebene Mailadresse versandt.<br \/>\nEine anderweitige Weitergabe der Daten ausserhalb vom Basarteam ist nicht erlaubt.<br \/>\n<\/span><\/span><strong><span style=\"color: #0000ff;\"><br \/>\n<\/span><\/strong><\/span><\/p>\n<h2><span style=\"font-family: comic sans ms, sans-serif;\"><strong><span style=\"color: #0000ff;\">Wie lange wir deine Daten speichern<\/span><\/strong><\/span><\/h2>\n<p><span style=\"font-family: comic sans ms, sans-serif; font-size: 10pt;\">Wenn der Besucher der Website einen Kommentar schreibt, wird dieser inklusive Metadaten zeitlich unbegrenzt gespeichert. Auf diese Art k\u00f6nnen wir Folgekommentare automatisch erkennen und freigeben, anstelle sie in einer Moderations-Warteschlange festzuhalten.<\/span><\/p>\n<p><span style=\"color: #000000; font-family: comic sans ms, sans-serif; font-size: 10pt;\">Daten, welche im Rahmen eines Kontaktformulares zur Anmeldung oder wg. Warteliste angegeben wurden, werden bis zum entsprechend n\u00e4chsten Basar, l\u00e4ngstens aber 1,5 Jahre gespeichert und dann manuell gel\u00f6scht.<\/span><br \/>\n<span style=\"color: #000000; font-family: comic sans ms, sans-serif; font-size: 10pt;\">Dieses bezieht sich <strong>nicht<\/strong> auf die Daten, welche das Basarteam im Rahmen der Bsasarverwaltung erhebt. Kontaktadresse zum Basarteam ist <a href=\"mailto:basar-gd@gmx.de\">basar-gd@gmx.de <\/a>.<\/span><\/p>\n<p>&nbsp;<\/p>\n<h2><span style=\"font-family: comic sans ms, sans-serif;\"><strong><span style=\"color: #0000ff;\">Welche Rechte du an deinen Daten hast<\/span><\/strong><\/span><\/h2>\n<p><span style=\"font-family: comic sans ms, sans-serif; font-size: 10pt;\"><strong>Allgemein:<\/strong><\/span><br \/>\n<span style=\"font-family: comic sans ms, sans-serif; font-size: 10pt;\">Unter den angegebenen Kontaktdaten der Besucher der Website jederzeit folgende Rechte aus\u00fcben:<\/span><\/p>\n<ul>\n<li><span style=\"font-family: comic sans ms, sans-serif; font-size: 10pt;\">Auskunft \u00fcber Ihre bei uns gespeicherten Daten und deren Verarbeitung,<\/span><\/li>\n<li><span style=\"font-family: comic sans ms, sans-serif; font-size: 10pt;\">Berichtigung unrichtiger personenbezogener Daten,<\/span><\/li>\n<li><span style=\"font-family: comic sans ms, sans-serif; font-size: 10pt;\">L\u00f6schung Ihrer bei uns gespeicherten Daten,<\/span><\/li>\n<li><span style=\"font-family: comic sans ms, sans-serif; font-size: 10pt;\">Einschr\u00e4nkung der Datenverarbeitung, sofern wir Ihre Daten aufgrund gesetzlicher Pflichten noch nicht l\u00f6schen d\u00fcrfen,<\/span><\/li>\n<li><span style=\"font-family: comic sans ms, sans-serif; font-size: 10pt;\">Widerspruch gegen die Verarbeitung Ihrer Daten bei uns und<\/span><\/li>\n<li><span style=\"font-family: comic sans ms, sans-serif; font-size: 10pt;\">Daten\u00fcbertragbarkeit, sofern Sie in die Datenverarbeitung eingewilligt haben.<\/span><\/li>\n<\/ul>\n<p><span style=\"font-family: comic sans ms, sans-serif; font-size: 10pt;\">Sofern Sie uns eine Einwilligung erteilt haben, k\u00f6nnen Sie diese jederzeit mit Wirkung f\u00fcr die Zukunft widerrufen.<\/span><\/p>\n<p><span style=\"font-family: comic sans ms, sans-serif; font-size: 10pt;\"><strong>Detail:<\/strong><\/span><br \/>\n<span style=\"font-family: comic sans ms, sans-serif; font-size: 10pt;\">Wenn der Besucher der Website Kommentare geschrieben hat oder ein Kontaktformular benutzt hat, kann er einen Export seiner personenbezogenen Daten bei uns anfordern, inklusive aller Daten, die er uns mitgeteilt hast und diese noch nicht gel\u00f6scht sind.<\/span><br \/>\n<span style=\"font-family: comic sans ms, sans-serif; font-size: 10pt;\">Dar\u00fcberhinaus kann er die L\u00f6schung aller personenbezogenen Daten, die wir von ihm gespeichert haben, anfordern.<\/span><br \/>\n<span style=\"font-family: comic sans ms, sans-serif; font-size: 10pt;\">Dies umfasst nicht die Daten, die wir aufgrund administrativer, rechtlicher oder sicherheitsrelevanter Notwendigkeiten aufbewahren m\u00fcssen.<\/span><\/p>\n<p><span style=\"font-family: comic sans ms, sans-serif; font-size: 10pt;\"><strong>Ausschluss:<\/strong><\/span><br \/>\n<span style=\"font-family: comic sans ms, sans-serif; font-size: 10pt;\">Dies gilt im Allgemeinen und im Detail <strong>nicht<\/strong> f\u00fcr die Daten, welche dem Basarteam f\u00fcr die Basaradministration \u00fcbermittelt wurden. <\/span><br \/>\n<span style=\"font-family: comic sans ms, sans-serif; font-size: 10pt;\">Kontaktadresse zum Basarteam ist <a href=\"mailto:basar-gd@gmx.de\">basar-gd@gmx.de <\/a>.<\/span><\/p>\n<p><span style=\"display: inline !important; float: none; background-color: transparent; color: #444444; cursor: text; font-family: Georgia,'Bitstream Charter',serif; font-size: 12px; font-style: normal; font-variant: normal; font-weight: 400; letter-spacing: normal; line-height: 18px; orphans: 2; text-align: left; text-decoration: none; text-indent: 0px; text-transform: none; -webkit-text-stroke-width: 0px; white-space: normal; word-spacing: 0px;\">Sie k\u00f6nnen sich jederzeit mit einer Beschwerde an die f\u00fcr Sie zust\u00e4ndige Aufsichtsbeh\u00f6rde wenden. Ihre zust\u00e4ndige Aufsichtsbeh\u00f6rde richtet sich nach dem Bundesland Ihres Wohnsitzes, Ihrer Arbeit oder der mutma\u00dflichen Verletzung. Eine Liste der Aufsichtsbeh\u00f6rden (f\u00fcr den nicht\u00f6ffentlichen Bereich) mit Anschrift finden Sie unter: <\/span><span style=\"font-size: 10pt;\"><a href=\"https:\/\/www.bfdi.bund.de\/DE\/Infothek\/Anschriften_Links\/anschriften_links-node.html\" target=\"_blank\" rel=\"noopener\">https:\/\/www.bfdi.bund.de\/DE\/Infothek\/Anschriften_Links\/anschriften_links-node.html<\/a><span style=\"text-align: left; color: #444444; text-transform: none; line-height: 18px; text-indent: 0px; letter-spacing: normal; font-family: Georgia,'Bitstream Charter',serif; font-style: normal; font-variant: normal; font-weight: 400; text-decoration: none; word-spacing: 0px; display: inline !important; white-space: normal; cursor: text; orphans: 2; float: none; -webkit-text-stroke-width: 0px; background-color: transparent;\">.<\/span><\/span><\/p>\n<h2><span style=\"font-family: comic sans ms, sans-serif;\"><strong><span style=\"color: #0000ff;\"><br \/>\nWohin wir deine Daten senden<\/span><\/strong><\/span><\/h2>\n<p><span style=\"font-family: comic sans ms, sans-serif; font-size: 10pt;\">Besucher-Kommentare k\u00f6nnten von einem automatisierten Dienst zur Spam-Erkennung untersucht werden.<\/span><br \/>\n<span style=\"font-family: comic sans ms, sans-serif; font-size: 10pt;\">Die Datenverarbeitung dieser Website wird ausschlie\u00dflich \u00fcber Server der Rechenzentren von Strato betrieben. Diese Rechenzentren liegen in Deutschland und werden exklusiv von Strato genutzt. Siehe\u00a0<a href=\"https:\/\/www.strato.de\/sicherheit\/#rechenzentren\">https:\/\/www.strato.de\/sicherheit\/#rechenzentren<\/a>.<\/span><br \/>\n<span style=\"font-family: comic sans ms, sans-serif; font-size: 10pt;\">Eine Vereinbarung zur Auftragsverarbeitung mit Strato gem. Art. 28 DSGVO wurde<strong> am 12.6.2018<\/strong> abgeschlossen.<\/span><\/p>\n<p><span style=\"font-family: comic sans ms, sans-serif; font-size: 10pt;\">Die Eingaben in die Kontaktformulare werden wie beschrieben an das Basarteam des Kinderbarsars Gro\u00df D\u00fcngen weitergeleitet. Kontaktadresse hierzu ist <a href=\"mailto:basar-gd@gmx.de\">basar-gd@gmx.de <\/a>.<\/span><\/p>\n<h2><span style=\"font-family: comic sans ms, sans-serif;\"><strong><br \/>\n<span style=\"color: #0000ff;\">\u00c4nderung unserer Datenschutzbestimmungen<\/span><\/strong><\/span><\/h2>\n<p><span style=\"font-family: comic sans ms, sans-serif; font-size: 10pt;\">Wir behalten uns vor, diese Datenschutzerkl\u00e4rung anzupassen, damit sie stets den aktuellen rechtlichen Anforderungen entspricht oder um \u00c4nderungen unserer Leistungen in der Datenschutzerkl\u00e4rung umzusetzen, z.B. bei der Einf\u00fchrung neuer Services. F\u00fcr Ihren erneuten Besuch gilt dann die neue Datenschutzerkl\u00e4rung.<\/span><\/p>\n<h2><span style=\"font-family: comic sans ms, sans-serif;\"><strong><br \/>\n<span style=\"color: #0000ff;\">Fragen<\/span><\/strong><\/span><\/h2>\n<p><span style=\"font-family: comic sans ms, sans-serif; font-size: 10pt;\">Wenn Sie Fragen zum Datenschutz haben, schreiben Sie uns bitte eine E-Mail oder wenden Sie sich direkt an die f\u00fcr den Datenschutz verantwortliche Person.<\/span><\/p>\n<h3><\/h3>\n<h3><\/h3>\n<h3><\/h3>\n","protected":false},"excerpt":{"rendered":"<p>Wer wir sind Die Adresse unserer Website ist: http:\/\/www.irwyn.de. Private Website\u00a0 &#8211; nicht komerziell \/ gemeinn\u00fctzig &#8211; f\u00fcr das Basarteam Gro\u00df D\u00fcngen. Verantwortliche Stelle im Sinne der Datenschutzgesetze, insbesondere der EU-Datenschutzgrundverordnung (DSGVO), ist der Administrator: Axel Eichhoff, Kontakt siehe Impressum &hellip; <a href=\"https:\/\/www.irwyn.de\/?page_id=500\">Weiterlesen <span class=\"meta-nav\">&rarr;<\/span><\/a><\/p>\n","protected":false},"author":1,"featured_media":0,"parent":0,"menu_order":0,"comment_status":"closed","ping_status":"closed","template":"","meta":{"footnotes":""},"class_list":["post-500","page","type-page","status-publish","hentry"],"_links":{"self":[{"href":"https:\/\/www.irwyn.de\/index.php?rest_route=\/wp\/v2\/pages\/500","targetHints":{"allow":["GET"]}}],"collection":[{"href":"https:\/\/www.irwyn.de\/index.php?rest_route=\/wp\/v2\/pages"}],"about":[{"href":"https:\/\/www.irwyn.de\/index.php?rest_route=\/wp\/v2\/types\/page"}],"author":[{"embeddable":true,"href":"https:\/\/www.irwyn.de\/index.php?rest_route=\/wp\/v2\/users\/1"}],"replies":[{"embeddable":true,"href":"https:\/\/www.irwyn.de\/index.php?rest_route=%2Fwp%2Fv2%2Fcomments&post=500"}],"version-history":[{"count":15,"href":"https:\/\/www.irwyn.de\/index.php?rest_route=\/wp\/v2\/pages\/500\/revisions"}],"predecessor-version":[{"id":535,"href":"https:\/\/www.irwyn.de\/index.php?rest_route=\/wp\/v2\/pages\/500\/revisions\/535"}],"wp:attachment":[{"href":"https:\/\/www.irwyn.de\/index.php?rest_route=%2Fwp%2Fv2%2Fmedia&parent=500"}],"curies":[{"name":"wp","href":"https:\/\/api.w.org\/{rel}","templated":true}]}}