{"id":481,"date":"2023-08-27T18:56:03","date_gmt":"2023-08-27T16:56:03","guid":{"rendered":"http:\/\/www.irwyn.de\/?page_id=481"},"modified":"2026-04-19T07:19:28","modified_gmt":"2026-04-19T05:19:28","slug":"herbst-basar-vorankuendigung","status":"publish","type":"page","link":"https:\/\/www.irwyn.de\/","title":{"rendered":"Herbst-Basar Vorank\u00fcndigung"},"content":{"rendered":"\n<p class=\"has-text-align-center\"><strong><span style=\"font-family: comic sans ms,sans-serif; font-size: 18pt;\">&#8230; im Pfarrheim Gr. D\u00fcngen!<\/span><\/strong><\/p>\n\n\n\n<p class=\"has-text-align-center\"><span style=\"font-family: comic sans ms,sans-serif; font-size: 14pt;\">Im Pfarrheim St. Cosmas und Damian in Gro\u00df D\u00fcngen findet am<\/span><\/p>\n\n\n\n<p class=\"has-text-align-center\"><strong><span style=\"font-family: comic sans ms,sans-serif; font-size: 18pt;\">Samstag, den <span style=\"font-size: 24pt; color: #800000;\">19.09.2026<\/span><\/span><\/strong><\/p>\n\n\n\n<p class=\"has-text-align-center\"><span style=\"font-size: 18pt;\"><strong><span style=\"font-family: comic sans ms,sans-serif;\">von 14:00 bis 16:00 Uhr<\/span><\/strong><\/span><\/p>\n\n\n\n<p class=\"has-text-align-center\"><span style=\"font-family: comic sans ms,sans-serif; font-size: 14pt;\"> ein Kleider- und Spielzeugbasar statt.<\/span><\/p>\n\n\n\n<hr class=\"wp-block-separator has-alpha-channel-opacity is-style-wide\"\/>\n\n\n\n<p class=\"has-text-align-center\"><\/p><p class=\"has-text-align-center\"><\/p><p class=\"has-text-align-center\"><\/p><p class=\"has-text-align-center\"><\/p><p class=\"has-text-align-center\"><\/p><p class=\"has-text-align-center\"><\/p><p class=\"has-text-align-center has-text-color\" style=\"color:#fe0000\"><strong><div class=\"ycd-all-content-wrapper ycd-countdown-content-wrapper-1282\">        <div class=\"ycd-countdown-wrapper ycd-simple-content-wrapper ycd-simple-content-wrapper-1282\">\n            <div class=\"ycd-simple-time ycd-simple-container ycd-countdown-content-wrapper ycd-simple-wrapper-1282\"\n                 data-options='{&quot;ycd-simple-enable-years&quot;:&quot;&quot;,&quot;ycd-simple-years-text&quot;:&quot;Years&quot;,&quot;ycd-simple-enable-months&quot;:&quot;&quot;,&quot;ycd-simple-months-text&quot;:&quot;Months&quot;,&quot;ycd-simple-enable-days&quot;:&quot;checked&quot;,&quot;ycd-simple-days-text&quot;:&quot;Tage&quot;,&quot;ycd-simple-enable-hours&quot;:&quot;checked&quot;,&quot;ycd-simple-hours-text&quot;:&quot;Std&quot;,&quot;ycd-simple-enable-minutes&quot;:&quot;checked&quot;,&quot;ycd-simple-minutes-text&quot;:&quot;Min&quot;,&quot;ycd-simple-enable-seconds&quot;:&quot;checked&quot;,&quot;ycd-simple-seconds-text&quot;:&quot;Sek&quot;,&quot;ycd-fixed-position&quot;:&quot;top_left&quot;,&quot;ycd-fixed-positions-top&quot;:&quot;0px&quot;,&quot;ycd-fixed-positions-right&quot;:&quot;0px&quot;,&quot;ycd-fixed-positions-bottom&quot;:&quot;0px&quot;,&quot;ycd-fixed-positions-left&quot;:&quot;0px&quot;,&quot;ycd-countdown-display-on&quot;:&quot;on&quot;,&quot;ycd-position-countdown&quot;:&quot;top_center&quot;,&quot;ycd-display-settings&quot;:[{&quot;key1&quot;:&quot;select_settings&quot;,&quot;key3&quot;:[]}],&quot;ycd-countdown-date-type&quot;:&quot;dueDate&quot;,&quot;ycd-date-time-picker&quot;:&quot;2026-09-19 14:00&quot;,&quot;ycd-circle-time-zone&quot;:&quot;Europe\\\/Berlin&quot;,&quot;ycd-woo-time-zone&quot;:&quot;&quot;,&quot;ycd-woo-coupon-date&quot;:&quot;&quot;,&quot;ycd-countdown-restart-hour&quot;:&quot;1&quot;,&quot;ycd-countdown-duration-days&quot;:&quot;0&quot;,&quot;ycd-countdown-duration-hours&quot;:&quot;0&quot;,&quot;ycd-countdown-duration-minutes&quot;:&quot;0&quot;,&quot;ycd-countdown-duration-seconds&quot;:&quot;30&quot;,&quot;ycd-schedule-time-zone&quot;:&quot;&quot;,&quot;ycd-schedule-start-from&quot;:&quot;&quot;,&quot;ycd-schedule-end-to&quot;:&quot;&quot;,&quot;ycd-schedule2-time-zone&quot;:&quot;&quot;,&quot;ycd-schedule2-from&quot;:&quot;&quot;,&quot;ycd-schedule2-to&quot;:&quot;&quot;,&quot;ycd-countdown-evergreen-days&quot;:&quot;0&quot;,&quot;ycd-countdown-evergreen-hours&quot;:&quot;0&quot;,&quot;ycd-countdown-evergreen-minutes&quot;:&quot;0&quot;,&quot;ycd-countdown-evergreen-seconds&quot;:&quot;30&quot;,&quot;ycd-schedule3-time-zone&quot;:&quot;&quot;,&quot;ycd-schedule3-time&quot;:&quot;&quot;,&quot;ycd-countdown-enable-woo-condition&quot;:&quot;on&quot;,&quot;ycd-woo-condition&quot;:&quot;disabled&quot;,&quot;ycd-countdown-start-date&quot;:&quot;2023-08-27 18:44&quot;,&quot;ycd-countdown-start-time-zone&quot;:&quot;Europe\\\/Berlin&quot;,&quot;ycd-countdown-end-sound-url&quot;:&quot;https:\\\/\\\/www.irwyn.de\\\/wp-content\\\/plugins\\\/countdown-builder\\\/lib\\\/alarm.mp3&quot;,&quot;ycd-custom-css&quot;:&quot;&quot;,&quot;ycd-custom-js&quot;:&quot;&quot;,&quot;ycd-subscribe-width&quot;:&quot;100%&quot;,&quot;ycd-form-above-text&quot;:&quot;Join Our Newsletter&quot;,&quot;ycd-form-input-text&quot;:&quot;Enter your email here&quot;,&quot;ycd-form-submit-text&quot;:&quot;Subscribe&quot;,&quot;ycd-form-submit-color&quot;:&quot;#3274d1&quot;,&quot;ycd-subscribe-success-message&quot;:&quot;Thanks for subscribing.&quot;,&quot;ycd-subscribe-error-message&quot;:&quot;Invalid email address.&quot;,&quot;ycd-countdown-expire-behavior&quot;:&quot;hideCountdown&quot;,&quot;ycd-expire-text&quot;:&quot;&quot;,&quot;ycd-expire-url&quot;:&quot;&quot;,&quot;ycd-button-name&quot;:&quot;Buy Now&quot;,&quot;ycd-button-width&quot;:&quot;200px&quot;,&quot;ycd-button-height&quot;:&quot;50px&quot;,&quot;ycd-button-border-width&quot;:&quot;0px&quot;,&quot;ycd-button-border-types&quot;:&quot;0&quot;,&quot;ycd-button-border-radius&quot;:&quot;5&quot;,&quot;ycd-button-margin-top&quot;:&quot;0px&quot;,&quot;ycd-button-margin-right&quot;:&quot;0px&quot;,&quot;ycd-button-margin-bottom&quot;:&quot;0px&quot;,&quot;ycd-button-margin-left&quot;:&quot;0px&quot;,&quot;ycd-button-opacity&quot;:&quot;1&quot;,&quot;ycd-button-font-size&quot;:&quot;14px&quot;,&quot;ycd-button-bg-color&quot;:&quot;#4dba7a&quot;,&quot;ycd-button-color&quot;:&quot;#ffffff&quot;,&quot;ycd-button-border-color&quot;:&quot;&quot;,&quot;ycd-button-hover-animation-speed&quot;:&quot;&quot;,&quot;ycd-button-hover-bg-color&quot;:&quot;#4dba7a&quot;,&quot;ycd-button-hover-color&quot;:&quot;#ffffff&quot;,&quot;ycd-countdown-button-behavior&quot;:&quot;redirect&quot;,&quot;ycd-button-action-url&quot;:&quot;https:\\\/\\\/www.irwyn.de&quot;,&quot;ycd-scroll-to-selector&quot;:&quot;&quot;,&quot;ycd-animation-speed&quot;:&quot;&quot;,&quot;ycd-download-url&quot;:&quot;&quot;,&quot;ycd-download-name&quot;:&quot;&quot;,&quot;ycd-button-copy-text&quot;:&quot;&quot;,&quot;ycd-button-alert-text&quot;:&quot;&quot;,&quot;ycd-countdown-floating-position&quot;:&quot;top_left&quot;,&quot;ycd-countdown-floating-position-top&quot;:&quot;0px&quot;,&quot;ycd-countdown-floating-position-right&quot;:&quot;0px&quot;,&quot;ycd-countdown-floating-position-bottom&quot;:&quot;0px&quot;,&quot;ycd-countdown-floating-position-left&quot;:&quot;0px&quot;,&quot;ycd-countdown-floating-text&quot;:&quot;Click&quot;,&quot;ycd-countdown-floating-close-text&quot;:&quot;Schlie\\u00dfen&quot;,&quot;ycd-countdown-enable-float-sound-url&quot;:&quot;https:\\\/\\\/www.irwyn.de\\\/wp-content\\\/plugins\\\/countdown-builder\\\/lib\\\/click.mp3&quot;,&quot;ycd-countdown-floating-padding-top&quot;:&quot;0px&quot;,&quot;ycd-countdown-floating-padding-right&quot;:&quot;0px&quot;,&quot;ycd-countdown-floating-padding-bottom&quot;:&quot;0px&quot;,&quot;ycd-countdown-floating-padding-left&quot;:&quot;0px&quot;,&quot;ycd-countdown-floating-text-padding-top&quot;:&quot;0px&quot;,&quot;ycd-countdown-floating-text-padding-right&quot;:&quot;0px&quot;,&quot;ycd-countdown-floating-text-padding-bottom&quot;:&quot;0px&quot;,&quot;ycd-countdown-floating-text-padding-left&quot;:&quot;0px&quot;,&quot;ycd-countdown-floating-text-size&quot;:&quot;20px&quot;,&quot;ycd-countdown-floating-font-weight&quot;:&quot;normal&quot;,&quot;ycd-countdown-floating-text-color&quot;:&quot;&quot;,&quot;ycd-countdown-floating-text-bg-color&quot;:&quot;&quot;,&quot;ycd-countdown-floating-text-content-bg-color&quot;:&quot;&quot;,&quot;ycd-simple-numbers-font-size&quot;:&quot;35px&quot;,&quot;ycd-simple-numbers-font-family&quot;:&quot;inherit&quot;,&quot;ycd-simple-numbers-font-family-custom&quot;:&quot;&quot;,&quot;ycd-simple-numbers-color&quot;:&quot;&quot;,&quot;ycd-simple-numbers-margin-top&quot;:&quot;0px&quot;,&quot;ycd-simple-numbers-margin-right&quot;:&quot;0px&quot;,&quot;ycd-simple-numbers-margin-bottom&quot;:&quot;0px&quot;,&quot;ycd-simple-numbers-margin-left&quot;:&quot;0px&quot;,&quot;ycd-simple-text-font-size&quot;:&quot;12px&quot;,&quot;ycd-simple-text-font-family&quot;:&quot;inherit&quot;,&quot;ycd-simple-text-font-family-custom&quot;:&quot;&quot;,&quot;ycd-simple-text-color&quot;:&quot;&quot;,&quot;ycd-simple-text-margin-top&quot;:&quot;0px&quot;,&quot;ycd-simple-text-margin-right&quot;:&quot;0px&quot;,&quot;ycd-simple-text-margin-bottom&quot;:&quot;0px&quot;,&quot;ycd-simple-text-margin-left&quot;:&quot;0px&quot;,&quot;ycd-simple-unite-padding-top&quot;:&quot;10px&quot;,&quot;ycd-simple-unite-padding-right&quot;:&quot;10px&quot;,&quot;ycd-simple-unite-padding-bottom&quot;:&quot;10px&quot;,&quot;ycd-simple-unite-padding-left&quot;:&quot;10px&quot;,&quot;ycd-simple-unite-margin-top&quot;:&quot;0px&quot;,&quot;ycd-simple-unite-margin-right&quot;:&quot;0px&quot;,&quot;ycd-simple-unite-margin-bottom&quot;:&quot;0px&quot;,&quot;ycd-simple-unite-margin-left&quot;:&quot;0px&quot;,&quot;ycd-simple-unite-width&quot;:&quot;&quot;,&quot;ycd-simple-unite-border-width&quot;:&quot;1px&quot;,&quot;ycd-simple-unite-border-radius&quot;:&quot;10px&quot;,&quot;ycd-simple-unite-border-type&quot;:&quot;solid&quot;,&quot;ycd-simple-unite-border-color&quot;:&quot;&quot;,&quot;ycd-simple-timer-dotes&quot;:&quot;:&quot;,&quot;ycd-simple-timer-horizontal-align&quot;:&quot;center&quot;,&quot;ycd-simple-countdown-before-countdown&quot;:&quot;&quot;,&quot;ycd-simple-countdown-after-countdown&quot;:&quot;&quot;,&quot;ycd-tr&quot;:{&quot;{translationId}&quot;:{&quot;language&quot;:&quot;af&quot;,&quot;Years&quot;:&quot;&quot;,&quot;Months&quot;:&quot;&quot;,&quot;Days&quot;:&quot;&quot;,&quot;Hours&quot;:&quot;&quot;,&quot;Minutes&quot;:&quot;&quot;,&quot;Seconds&quot;:&quot;&quot;}},&quot;ycd-type&quot;:&quot;simple&quot;,&quot;ycd-post-id&quot;:&quot;1282&quot;,&quot;id&quot;:1282,&quot;ycd-timer-seconds&quot;:0,&quot;ycd-countdown-save-duration&quot;:&quot;&quot;,&quot;ycd-countdown-save-duration-each-user&quot;:&quot;&quot;,&quot;ycd-time-zone&quot;:&quot;Europe\\\/Berlin&quot;,&quot;ycd-countdown-restart&quot;:&quot;&quot;,&quot;ycd-count-up-from-end-date&quot;:&quot;&quot;,&quot;ycd-scroll-to-countdown&quot;:&quot;&quot;,&quot;isExpired&quot;:false,&quot;ycd-enable-simple-double-digits&quot;:&quot;&quot;}'\n                 data-id=\"1282\">\n                <div class=\"ycd-simple-before-countdown\"><\/div>\n                        <div class=\"ycd-simple-mode-textUnderCountdown ycd-simple-mode-textUnderCountdown-1282\">                                <div class=\"ycd-simple-current-unite-wrapper ycd-simple-current-unite-years ycd-hide\">\n                    <div class=\"ycd-simple-current-unite\"><!-- -->\n\t                                            <div class=\"ycd-simple-countdown-time ycd-simple-countdown-number ycd-simple-countdown-years-time\">0<\/div><!--\n                        --><div class=\"ycd-simple-countdown-time  ycd-simple-countdown-label ycd-simple-countdown-years-label\">Years<\/div>                    <\/div> <div class=\"ycd-simple-timer-dots \">:<\/div>                 <\/div>\n                                            <div class=\"ycd-simple-current-unite-wrapper ycd-simple-current-unite-months ycd-hide\">\n                    <div class=\"ycd-simple-current-unite\"><!-- -->\n\t                                            <div class=\"ycd-simple-countdown-time ycd-simple-countdown-number ycd-simple-countdown-months-time\">0<\/div><!--\n                        --><div class=\"ycd-simple-countdown-time  ycd-simple-countdown-label ycd-simple-countdown-months-label\">Months<\/div>                    <\/div> <div class=\"ycd-simple-timer-dots \">:<\/div>                 <\/div>\n                                            <div class=\"ycd-simple-current-unite-wrapper ycd-simple-current-unite-days \">\n                    <div class=\"ycd-simple-current-unite\"><!-- -->\n\t                                            <div class=\"ycd-simple-countdown-time ycd-simple-countdown-number ycd-simple-countdown-days-time\">0<\/div><!--\n                        --><div class=\"ycd-simple-countdown-time  ycd-simple-countdown-label ycd-simple-countdown-days-label\">Tage<\/div>                    <\/div> <div class=\"ycd-simple-timer-dots \">:<\/div>                 <\/div>\n                                            <div class=\"ycd-simple-current-unite-wrapper ycd-simple-current-unite-hours \">\n                    <div class=\"ycd-simple-current-unite\"><!-- -->\n\t                                            <div class=\"ycd-simple-countdown-time ycd-simple-countdown-number ycd-simple-countdown-hours-time\">0<\/div><!--\n                        --><div class=\"ycd-simple-countdown-time  ycd-simple-countdown-label ycd-simple-countdown-hours-label\">Std<\/div>                    <\/div> <div class=\"ycd-simple-timer-dots \">:<\/div>                 <\/div>\n                                            <div class=\"ycd-simple-current-unite-wrapper ycd-simple-current-unite-minutes \">\n                    <div class=\"ycd-simple-current-unite\"><!-- -->\n\t                                            <div class=\"ycd-simple-countdown-time ycd-simple-countdown-number ycd-simple-countdown-minutes-time\">0<\/div><!--\n                        --><div class=\"ycd-simple-countdown-time  ycd-simple-countdown-label ycd-simple-countdown-minutes-label\">Min<\/div>                    <\/div> <div class=\"ycd-simple-timer-dots \">:<\/div>                 <\/div>\n                                            <div class=\"ycd-simple-current-unite-wrapper ycd-simple-current-unite-seconds \">\n                    <div class=\"ycd-simple-current-unite\"><!-- -->\n\t                                            <div class=\"ycd-simple-countdown-time ycd-simple-countdown-number ycd-simple-countdown-seconds-time\">0<\/div><!--\n                        --><div class=\"ycd-simple-countdown-time  ycd-simple-countdown-label ycd-simple-countdown-seconds-label\">Sek<\/div>                    <\/div>                <\/div>\n                    <\/div>\n                        <div class=\"ycd-simple-after-countdown\"><\/div>\n            <\/div>\n        <\/div>\n                <style>\n            .ycd-simple-content-wrapper-1282 .ycd-simple-countdown-number,\n            .ycd-simple-content-wrapper-1282 .ycd-simple-timer-dots {\n                font-size: 35px;\n            }\n            .ycd-simple-content-wrapper-1282 .ycd-simple-countdown-number {\n\t            margin: 0px 0px 0px 0px            }\n            .ycd-simple-content-wrapper-1282 .ycd-simple-countdown-label {\n                font-size: 12px;\n\t            margin: 0px 0px 0px 0px            }\n            .ycd-simple-content-wrapper-1282 {\n\t            text-align: center;\n            }\n                    <\/style>\n        \t\t<style>\n\t\t\t.ycd-simple-content-wrapper-1282 .ycd-simple-countdown-number,\n\t\t\t.ycd-simple-content-wrapper-1282 .ycd-simple-timer-dots{\n\t\t\t\tcolor: ;\n\t\t\t\tfont-family: inherit;\n\t\t\t}\n\t\t\t.ycd-simple-content-wrapper-1282 .ycd-simple-countdown-label {\n\t\t\t\tcolor: ;\n\t\t\t\tfont-family: inherit;\n\t\t\t}\n\t\t\t.ycd-simple-content-wrapper-1282 .ycd-simple-current-unite-wrapper {\n                margin: 0px 0px 0px 0px            }\n            .ycd-simple-content-wrapper-1282 .ycd-simple-current-unite-wrapper {\n                padding: 10px 10px 10px 10px            }\n\t\t<\/style>\n\t\t<\/div><\/strong><\/p>\n\n\n\n<hr class=\"wp-block-separator has-alpha-channel-opacity is-style-wide\"\/>\n\n\n\n<p class=\"has-text-align-center\"><span style=\"font-size: 14pt;\"><strong><span style=\"font-family: comic sans ms,sans-serif;\">Einlass f\u00fcr Hochschwangere ca. 30 min. eher.<\/span><\/strong><\/span><\/p>\n\n\n\n<p class=\"has-text-align-center\"><span style=\"font-size: 14pt;\"><strong><span style=\"font-family: comic sans ms,sans-serif;\">Es werden dabei ausschlie\u00dflich angeboten:<\/span><\/strong><\/span><\/p>\n\n\n\n<p class=\"has-text-align-center\"><span style=\"font-family: comic sans ms,sans-serif; font-size: 14pt;\"> &#8211; Herbst- und Winterbekleidung f\u00fcr Kinder <\/span><br \/><span style=\"font-family: comic sans ms,sans-serif; font-size: 14pt;\"> &#8211; Kinderwagen, -sitze, sowie Zubeh\u00f6r <\/span><br \/><span style=\"font-family: comic sans ms,sans-serif; font-size: 14pt;\"> &#8211; Spielsachen jeglicher Art <\/span><br \/><span style=\"font-family: comic sans ms,sans-serif; font-size: 14pt;\"> &#8211; Umstandsmode und Babyausstattung<\/span><\/p>\n\n\n\n<hr class=\"wp-block-separator has-alpha-channel-opacity is-style-wide\"\/>\n\n\n\n<p class=\"has-text-align-center\"><span style=\"font-family: Arial;\"><br \/><a href=\"https:\/\/www.irwyn.de\/?page_id=1237\"><img loading=\"lazy\" decoding=\"async\" width=\"91\" height=\"100\" class=\"alignnone wp-image-346\" src=\"https:\/\/www.irwyn.de\/wp-content\/uploads\/2008\/02\/bbregel.jpg\" alt=\"\"\/><\/a><a href=\"https:\/\/www.irwyn.de\/?page_id=18\"><img loading=\"lazy\" decoding=\"async\" width=\"91\" height=\"100\" class=\"alignnone wp-image-344\" src=\"https:\/\/www.irwyn.de\/wp-content\/uploads\/2008\/02\/bbfragen.jpg\"\/><\/a> <a href=\"https:\/\/www.irwyn.de\/?page_id=30\"><img loading=\"lazy\" decoding=\"async\" width=\"91\" height=\"100\" class=\"alignnone wp-image-345\" src=\"https:\/\/www.irwyn.de\/wp-content\/uploads\/2008\/02\/bbanfahrt.jpg\"\/><\/a> <a href=\"https:\/\/www.irwyn.de\/?page_id=13\"><img loading=\"lazy\" decoding=\"async\" width=\"91\" height=\"100\" class=\"alignnone wp-image-342\" src=\"https:\/\/www.irwyn.de\/wp-content\/uploads\/2008\/02\/bbhilfe-1.jpg\"\/><\/a><br \/><span style=\"font-family: comic sans ms,sans-serif; font-size: 14pt;\"><strong>Regeln &#8212;&nbsp; Fragen &#8212; Anfahrt &#8212; Helfen<\/strong><\/span><strong><br \/><\/strong><\/span><\/p>\n\n\n\n<hr class=\"wp-block-separator has-alpha-channel-opacity is-style-wide\"\/>\n\n\n\n<h3 class=\"wp-block-heading has-text-align-center\"><span style=\"color: #ff0000;\"><img loading=\"lazy\" decoding=\"async\" class=\"alignnone size-medium wp-image-352\" src=\"https:\/\/www.irwyn.de\/wp-content\/uploads\/2015\/07\/bs-nummernvergabe-herbst-300x75.png\" alt=\"\" width=\"300\" height=\"75\" srcset=\"https:\/\/www.irwyn.de\/wp-content\/uploads\/2015\/07\/bs-nummernvergabe-herbst-300x75.png 300w, https:\/\/www.irwyn.de\/wp-content\/uploads\/2015\/07\/bs-nummernvergabe-herbst.png 400w\" sizes=\"auto, (max-width: 300px) 100vw, 300px\" \/><\/span><\/h3>\n\n\n\n<h3 class=\"wp-block-heading has-text-align-center\"><span style=\"color: #800000; font-family: comic sans ms,sans-serif; font-size: 14pt;\"><b><span style=\"font-family: comic sans ms;\">Voraussichtlich vorher auf dieser Webseite \ud83d\ude42<br \/><br \/><\/span><\/b><\/span><\/h3>\n","protected":false},"excerpt":{"rendered":"<p>&#8230; im Pfarrheim Gr. D\u00fcngen! Im Pfarrheim St. Cosmas und Damian in Gro\u00df D\u00fcngen findet am Samstag, den 19.09.2026 von 14:00 bis 16:00 Uhr ein Kleider- und Spielzeugbasar statt. Einlass f\u00fcr Hochschwangere ca. 30 min. eher. Es werden dabei ausschlie\u00dflich &hellip; <a href=\"https:\/\/www.irwyn.de\/\">Weiterlesen <span class=\"meta-nav\">&rarr;<\/span><\/a><\/p>\n","protected":false},"author":1,"featured_media":0,"parent":100,"menu_order":0,"comment_status":"closed","ping_status":"closed","template":"","meta":{"footnotes":""},"class_list":["post-481","page","type-page","status-publish","hentry"],"_links":{"self":[{"href":"https:\/\/www.irwyn.de\/index.php?rest_route=\/wp\/v2\/pages\/481","targetHints":{"allow":["GET"]}}],"collection":[{"href":"https:\/\/www.irwyn.de\/index.php?rest_route=\/wp\/v2\/pages"}],"about":[{"href":"https:\/\/www.irwyn.de\/index.php?rest_route=\/wp\/v2\/types\/page"}],"author":[{"embeddable":true,"href":"https:\/\/www.irwyn.de\/index.php?rest_route=\/wp\/v2\/users\/1"}],"replies":[{"embeddable":true,"href":"https:\/\/www.irwyn.de\/index.php?rest_route=%2Fwp%2Fv2%2Fcomments&post=481"}],"version-history":[{"count":35,"href":"https:\/\/www.irwyn.de\/index.php?rest_route=\/wp\/v2\/pages\/481\/revisions"}],"predecessor-version":[{"id":2138,"href":"https:\/\/www.irwyn.de\/index.php?rest_route=\/wp\/v2\/pages\/481\/revisions\/2138"}],"up":[{"embeddable":true,"href":"https:\/\/www.irwyn.de\/index.php?rest_route=\/wp\/v2\/pages\/100"}],"wp:attachment":[{"href":"https:\/\/www.irwyn.de\/index.php?rest_route=%2Fwp%2Fv2%2Fmedia&parent=481"}],"curies":[{"name":"wp","href":"https:\/\/api.w.org\/{rel}","templated":true}]}}