{"id":30,"date":"2013-09-10T18:57:56","date_gmt":"2013-09-10T17:57:56","guid":{"rendered":"http:\/\/www.irwyn.de\/?page_id=30"},"modified":"2023-01-13T18:37:02","modified_gmt":"2023-01-13T17:37:02","slug":"anfahrt-pfarrheim","status":"publish","type":"page","link":"https:\/\/www.irwyn.de\/?page_id=30","title":{"rendered":"Anfahrt Pfarrheim"},"content":{"rendered":"\n<h4 class=\"wp-block-heading\"><span style=\"font-family: comic sans ms,sans-serif; font-size: 18pt;\">So finden Sie uns:<\/span><\/h4>\n\n\n\n<figure class=\"wp-block-image\"><img decoding=\"async\" src=\"https:\/\/www.irwyn.de\/Angahrt 2.jpg\" alt=\"\" title=\"\"\/><\/figure>\n\n\n\n<p><span style=\"font-family: comic sans ms,sans-serif;\"><\/span><\/p>\n\n\n\n<p><span style=\"font-family: comic sans ms,sans-serif;\">Das Pfarrheim der Kath. Kirchengemeinde St. Cosmas &amp; Damian zu Gro\u00df D\u00fcngen liegt im Zentrum von Gro\u00df D\u00fcngen etwas zur\u00fcckgesetzt auf der anderen Stra\u00dfenseite der Kirche.<\/span><\/p>\n\n\n\n<h3 class=\"wp-block-heading\"><strong><span style=\"font-family: comic sans ms,sans-serif; font-size: 14pt;\">Anfahrt aus Hildesheim:<\/span><\/strong><\/h3>\n\n\n\n<p><span style=\"font-family: comic sans ms,sans-serif;\">Folgen Sie der B243 bis sie vor einer S-Kurve auf der linken Seite die Kirche erblicken. Auf der gegen\u00fcberliegenden Seite befindet sich das Pfarrheim.<\/span><\/p>\n\n\n\n<h3 class=\"wp-block-heading\"><span style=\"font-size: 14pt;\"><strong><span style=\"font-family: comic sans ms,sans-serif;\">Anfahrt aus Heinde \/ Autobahn 7:<\/span><\/strong><\/span><\/h3>\n\n\n\n<p><span style=\"font-family: comic sans ms,sans-serif;\">Im Ort dem Stra\u00dfenverlauf folgen, bis Sie auf eine T-Kreuzung treffen.<\/span><br \/><span style=\"font-family: comic sans ms,sans-serif;\"> Sie biegen bitte rechts ab und folgen der B243 so:<\/span><\/p>\n\n\n\n<h3 class=\"wp-block-heading\"><strong><span style=\"font-family: comic sans ms,sans-serif; font-size: 14pt;\">Anfahrt aus Bad Salzdetfurth \/ Seesen:<\/span><\/strong><\/h3>\n\n\n\n<p><span style=\"font-family: comic sans ms,sans-serif;\">Sie folgen der B243 bis Sie auf die Kreuzung vor der S-Kurve sto\u00dfen.<\/span><br \/><span style=\"font-family: comic sans ms,sans-serif;\"> Sie biegen bitte in die Bergstra\u00dfe ein und versuchen hier zu parken.<\/span><br \/><span style=\"font-family: comic sans ms,sans-serif;\"> Ein kleiner Schleichweg (Klages-Klump-Weg) f\u00fchrt von der Bergstra\u00dfe direkt zum Pfarrheim.<\/span><\/p>\n","protected":false},"excerpt":{"rendered":"<p>So finden Sie uns: Das Pfarrheim der Kath. Kirchengemeinde St. Cosmas &amp; Damian zu Gro\u00df D\u00fcngen liegt im Zentrum von Gro\u00df D\u00fcngen etwas zur\u00fcckgesetzt auf der anderen Stra\u00dfenseite der Kirche. Anfahrt aus Hildesheim: Folgen Sie der B243 bis sie vor &hellip; <a href=\"https:\/\/www.irwyn.de\/?page_id=30\">Weiterlesen <span class=\"meta-nav\">&rarr;<\/span><\/a><\/p>\n","protected":false},"author":1,"featured_media":0,"parent":0,"menu_order":0,"comment_status":"closed","ping_status":"closed","template":"","meta":{"footnotes":""},"class_list":["post-30","page","type-page","status-publish","hentry"],"_links":{"self":[{"href":"https:\/\/www.irwyn.de\/index.php?rest_route=\/wp\/v2\/pages\/30","targetHints":{"allow":["GET"]}}],"collection":[{"href":"https:\/\/www.irwyn.de\/index.php?rest_route=\/wp\/v2\/pages"}],"about":[{"href":"https:\/\/www.irwyn.de\/index.php?rest_route=\/wp\/v2\/types\/page"}],"author":[{"embeddable":true,"href":"https:\/\/www.irwyn.de\/index.php?rest_route=\/wp\/v2\/users\/1"}],"replies":[{"embeddable":true,"href":"https:\/\/www.irwyn.de\/index.php?rest_route=%2Fwp%2Fv2%2Fcomments&post=30"}],"version-history":[{"count":9,"href":"https:\/\/www.irwyn.de\/index.php?rest_route=\/wp\/v2\/pages\/30\/revisions"}],"predecessor-version":[{"id":1180,"href":"https:\/\/www.irwyn.de\/index.php?rest_route=\/wp\/v2\/pages\/30\/revisions\/1180"}],"wp:attachment":[{"href":"https:\/\/www.irwyn.de\/index.php?rest_route=%2Fwp%2Fv2%2Fmedia&parent=30"}],"curies":[{"name":"wp","href":"https:\/\/api.w.org\/{rel}","templated":true}]}}