{"id":248,"date":"2016-06-19T10:40:23","date_gmt":"2016-06-19T08:40:23","guid":{"rendered":"http:\/\/www.irwyn.de\/?page_id=248"},"modified":"2018-05-23T21:51:57","modified_gmt":"2018-05-23T19:51:57","slug":"impressum","status":"publish","type":"page","link":"https:\/\/www.irwyn.de\/?page_id=248","title":{"rendered":"Impressum"},"content":{"rendered":"<h2><strong><span style=\"font-family: comic sans ms,sans-serif; font-size: 18pt;\">Impressum<\/span><\/strong><\/h2>\n<p><span style=\"font-family: comic sans ms,sans-serif;\">Private Website\u00a0 &#8211; nicht komerziell \/ gemeinn\u00fctzig &#8211;<\/span><br \/>\n<span style=\"font-family: comic sans ms,sans-serif;\"> f\u00fcr die Basargruppe Gro\u00df D\u00fcngen.<\/span><\/p>\n<p><strong><span style=\"font-family: comic sans ms,sans-serif;\">Gestaltung und verantwortlich f\u00fcr den Inhalt gem. \u00a7 5 TMG:<\/span><\/strong><\/p>\n<p><span style=\"font-family: comic sans ms,sans-serif;\">Axel Eichhoff<\/span><br \/>\n<span style=\"font-family: comic sans ms,sans-serif;\"> Wiesenstr. 16<\/span><br \/>\n<span style=\"font-family: comic sans ms,sans-serif;\"> 31162 Bad Salzdetfurth &#8211; Gro\u00df D\u00fcngen<\/span><\/p>\n<p><span style=\"font-family: comic sans ms,sans-serif;\">Telefon: 05064 85417<\/span><br \/>\n<span style=\"font-family: comic sans ms,sans-serif;\"> E-Mail: <a href=\"mailto:5\">basar (at) eiol.de<\/a><\/span><\/p>\n<h2><span style=\"font-size: 14pt;\"><strong><span style=\"font-family: comic sans ms,sans-serif;\">Disclaimer \u2013 rechtliche Hinweise<\/span><\/strong><\/span><\/h2>\n<p><strong><span style=\"font-family: comic sans ms,sans-serif;\">\u00a7 1 Warnhinweis zu Inhalten<\/span><\/strong><br \/>\n<span style=\"font-family: comic sans ms,sans-serif;\"> Die kostenlosen und frei zug\u00e4nglichen Inhalte dieser Webseite wurden mit gr\u00f6\u00dftm\u00f6glicher Sorgfalt erstellt. Der Anbieter dieser Webseite \u00fcbernimmt jedoch keine Gew\u00e4hr f\u00fcr die Richtigkeit und Aktualit\u00e4t der bereitgestellten kostenlosen und frei zug\u00e4nglichen journalistischen Ratgeber und Nachrichten. Namentlich gekennzeichnete Beitr\u00e4ge geben die Meinung des jeweiligen Autors und nicht immer die Meinung des Anbieters wieder. Allein durch den Aufruf der kostenlosen und frei zug\u00e4nglichen Inhalte kommt keinerlei Vertragsverh\u00e4ltnis zwischen dem Nutzer und dem Anbieter zustande, insoweit fehlt es am Rechtsbindungswillen des Anbieters.<\/span><\/p>\n<p><strong><span style=\"font-family: comic sans ms,sans-serif;\">\u00a7 2 Externe Links<\/span><\/strong><br \/>\n<span style=\"font-family: comic sans ms,sans-serif;\"> Diese Website enth\u00e4lt Verkn\u00fcpfungen zu Websites Dritter (&#8222;externe Links&#8220;). Diese Websites unterliegen der Haftung der jeweiligen Betreiber. Der Anbieter hat bei der erstmaligen Verkn\u00fcpfung der externen Links die fremden Inhalte daraufhin \u00fcberpr\u00fcft, ob etwaige Rechtsverst\u00f6\u00dfe bestehen. Zu dem Zeitpunkt waren keine Rechtsverst\u00f6\u00dfe ersichtlich. Der Anbieter hat keinerlei Einfluss auf die aktuelle und zuk\u00fcnftige Gestaltung und auf die Inhalte der verkn\u00fcpften Seiten. Das Setzen von externen Links bedeutet nicht, dass sich der Anbieter die hinter dem Verweis oder Link liegenden Inhalte zu Eigen macht. Eine st\u00e4ndige Kontrolle der externen Links ist f\u00fcr den Anbieter ohne konkrete Hinweise auf Rechtsverst\u00f6\u00dfe nicht zumutbar. Bei Kenntnis von Rechtsverst\u00f6\u00dfen werden jedoch derartige externe Links unverz\u00fcglich gel\u00f6scht.<\/span><\/p>\n<p><strong><span style=\"font-family: comic sans ms,sans-serif;\">\u00a7 3 Urheber- und Leistungsschutzrechte<\/span><\/strong><br \/>\n<span style=\"font-family: comic sans ms,sans-serif;\"> Die auf dieser Website ver\u00f6ffentlichten Inhalte unterliegen dem deutschen Urheber- und Leistungsschutzrecht. Jede vom deutschen Urheber- und Leistungsschutzrecht nicht zugelassene Verwertung bedarf der vorherigen schriftlichen Zustimmung des Anbieters oder jeweiligen Rechteinhabers. Dies gilt insbesondere f\u00fcr Vervielf\u00e4ltigung, Bearbeitung, \u00dcbersetzung, Einspeicherung, Verarbeitung bzw. Wiedergabe von Inhalten in Datenbanken oder anderen elektronischen Medien und Systemen. Inhalte und Rechte Dritter sind dabei als solche gekennzeichnet. Die unerlaubte Vervielf\u00e4ltigung oder Weitergabe einzelner Inhalte oder kompletter Seiten ist nicht gestattet und strafbar. Lediglich die Herstellung von Kopien und Downloads f\u00fcr den pers\u00f6nlichen, privaten und nicht kommerziellen Gebrauch ist erlaubt.<\/span><\/p>\n<p><strong><span style=\"font-family: comic sans ms,sans-serif;\">Die Darstellung dieser Website in fremden Frames ist nur mit schriftlicher Erlaubnis zul\u00e4ssig.<\/span><\/strong><\/p>\n<p><strong><span style=\"font-family: comic sans ms,sans-serif;\">\u00a7 4 Besondere Nutzungsbedingungen<\/span><\/strong><br \/>\n<span style=\"font-family: comic sans ms,sans-serif;\"> Soweit besondere Bedingungen f\u00fcr einzelne Nutzungen dieser Website von den vorgenannten Paragraphen abweichen, wird an entsprechender Stelle ausdr\u00fccklich darauf hingewiesen. In diesem Falle gelten im jeweiligen Einzelfall die besonderen Nutzungsbedingungen.<\/span><\/p>\n<p><span style=\"font-family: comic sans ms,sans-serif;\">Quelle: <a href=\"http:\/\/www.impressum-recht.de\/\">Impressum erstellt mit Impressum-recht.de<\/a><\/span><\/p>\n<p>&nbsp;<\/p>\n","protected":false},"excerpt":{"rendered":"<p>Impressum Private Website\u00a0 &#8211; nicht komerziell \/ gemeinn\u00fctzig &#8211; f\u00fcr die Basargruppe Gro\u00df D\u00fcngen. Gestaltung und verantwortlich f\u00fcr den Inhalt gem. \u00a7 5 TMG: Axel Eichhoff Wiesenstr. 16 31162 Bad Salzdetfurth &#8211; Gro\u00df D\u00fcngen Telefon: 05064 85417 E-Mail: basar (at) &hellip; <a href=\"https:\/\/www.irwyn.de\/?page_id=248\">Weiterlesen <span class=\"meta-nav\">&rarr;<\/span><\/a><\/p>\n","protected":false},"author":1,"featured_media":0,"parent":0,"menu_order":0,"comment_status":"closed","ping_status":"closed","template":"","meta":{"footnotes":""},"class_list":["post-248","page","type-page","status-publish","hentry"],"_links":{"self":[{"href":"https:\/\/www.irwyn.de\/index.php?rest_route=\/wp\/v2\/pages\/248","targetHints":{"allow":["GET"]}}],"collection":[{"href":"https:\/\/www.irwyn.de\/index.php?rest_route=\/wp\/v2\/pages"}],"about":[{"href":"https:\/\/www.irwyn.de\/index.php?rest_route=\/wp\/v2\/types\/page"}],"author":[{"embeddable":true,"href":"https:\/\/www.irwyn.de\/index.php?rest_route=\/wp\/v2\/users\/1"}],"replies":[{"embeddable":true,"href":"https:\/\/www.irwyn.de\/index.php?rest_route=%2Fwp%2Fv2%2Fcomments&post=248"}],"version-history":[{"count":3,"href":"https:\/\/www.irwyn.de\/index.php?rest_route=\/wp\/v2\/pages\/248\/revisions"}],"predecessor-version":[{"id":496,"href":"https:\/\/www.irwyn.de\/index.php?rest_route=\/wp\/v2\/pages\/248\/revisions\/496"}],"wp:attachment":[{"href":"https:\/\/www.irwyn.de\/index.php?rest_route=%2Fwp%2Fv2%2Fmedia&parent=248"}],"curies":[{"name":"wp","href":"https:\/\/api.w.org\/{rel}","templated":true}]}}