{"id":1972,"date":"2026-01-24T17:45:13","date_gmt":"2026-01-24T16:45:13","guid":{"rendered":"https:\/\/www.irwyn.de\/?page_id=1972"},"modified":"2026-01-24T20:32:34","modified_gmt":"2026-01-24T19:32:34","slug":"eigenlob","status":"publish","type":"page","link":"https:\/\/www.irwyn.de\/?page_id=1972","title":{"rendered":"Eigenlob"},"content":{"rendered":"\n<p><strong>Vergangene Basare<\/strong><\/p>\n\n\n\n<p>Klein aber fein &#8211; und alt.<br \/>Der Basar &#8222;rund ums Kind&#8220; blickt auf eine lange erfolgreiche Vergangenheit zur\u00fcck.<br \/>Viele flei\u00dfige Helfer bem\u00fchen sich seit Jahren einen Basar f\u00fcr Kinderkleidung auf die Beine zu stellen. Unsere aktuelle Statistik reicht bis in das Jahr 2008 zur\u00fcck. Aber auch schon weit vorher wurde der Basar erstmals im neuen Kindergarten Gro\u00df D\u00fcngen durchgef\u00fchrt &#8211; noch manuell und ohne Computer.<br \/>Hier die aktuelle Timeline als Erinnerung und Ehrung an die vielen Helfer und Verk\u00e4ufer, welche es erm\u00f6glicht haben diese g\u00fcnstige Einkaufsm\u00f6glichkeit am Leben zu halten.<\/p>\n\n\n\t\t\t<!-- Cool Timeline Free V3.2.4 -->\n\t\t\t<div class=\"ctl-wrapper\" role=\"region\" aria-label=\"Timeline\">\n\t\t\t\t\t\t\t\t<div id=\"cool_timeline_1\" class=\"cool-timeline-wrapper ctl-both-sided ctl-vertical-wrapper\" >\n\t\t\t\t\t<div class=\"ctl-start\"><\/div>\n\t\t\t\t\t<!-- Timeline Container -->\n\t\t\t\t\t<div class=\"ctl-timeline ctl-timeline-container\" data-animation=\"none\">\n\t\t\t\t\t\t<!-- Center Line -->\n\t\t\t\t\t\t<div class=\"ctl-inner-line\" role=\"presentation\"><\/div>\n\t\t\t\t\t\t\t\t\t\t\t\t<!-- Story Year Section --><div data-cls=\"sc-nv-light vertical\" class=\"timeline-year scrollable-section ctl-year ctl-year-container light-year\" data-section-title=\"2025\" id=\"year-2025\"><div class=\"ctl-year-label ctl-year-text\"><span>2025<\/span><\/div><\/div><!-- Timeline Content --><div  id=\"ctl-story-1989\" class=\"ctl-story ctl-story-dot-icon odd ctl-story-right\" data-aos=\"none\"   data-story-index=\"1\" role=\"article\"><!-- Story Date --><div class=\"ctl-labels\"><div class=\"ctl-label-big story-date\">September 20<\/div><\/div><!-- Story IconDot --><div class=\"ctl-icondot\"><\/div> <!-- Story Arrow --><div class=\"ctl-arrow\"><\/div><!-- Story Content --><div class=\"ctl-content\"><!-- Story Title --><div class=\"ctl-title story-1989\" aria-label=\"2\">Herbst 2025<\/div><!-- Story Description --><div class=\"ctl-description\"><a href=\"https:\/\/www.irwyn.de\/wp-content\/uploads\/2025\/08\/Screenshot-2025-08-05-182424.png\"><img decoding=\"async\" loading=\"lazy\" class=\"alignnone size-medium wp-image-1827\" src=\"https:\/\/www.irwyn.de\/wp-content\/uploads\/2025\/08\/Screenshot-2025-08-05-182424-212x300.png\" alt=\"\" width=\"212\" height=\"300\" srcset=\"https:\/\/www.irwyn.de\/wp-content\/uploads\/2025\/08\/Screenshot-2025-08-05-182424-212x300.png 212w, https:\/\/www.irwyn.de\/wp-content\/uploads\/2025\/08\/Screenshot-2025-08-05-182424.png 453w\" sizes=\"auto, (max-width: 212px) 100vw, 212px\" \/><\/a>\r\n96 Verk\u00e4ufer verkauften 1421 Artikel<\/div><\/div><\/div><!-- Timeline Content --><div  id=\"ctl-story-1988\" class=\"ctl-story ctl-story-dot-icon even ctl-story-left\" data-aos=\"none\"   data-story-index=\"2\" role=\"article\"><!-- Story Date --><div class=\"ctl-labels\"><div class=\"ctl-label-big story-date\">M\u00e4rz 22<\/div><\/div><!-- Story IconDot --><div class=\"ctl-icondot\"><\/div> <!-- Story Arrow --><div class=\"ctl-arrow\"><\/div><!-- Story Content --><div class=\"ctl-content\"><!-- Story Title --><div class=\"ctl-title story-1988\" aria-label=\"2\">Fr\u00fchjahr 2025<\/div><!-- Story Description --><div class=\"ctl-description\"><p><a href=\"https:\/\/www.irwyn.de\/wp-content\/uploads\/2025\/02\/2025F_Plakat2_PNG.png\"><img decoding=\"async\" loading=\"lazy\" class=\"alignnone size-medium wp-image-1718\" src=\"https:\/\/www.irwyn.de\/wp-content\/uploads\/2025\/02\/2025F_Plakat2_PNG-211x300.png\" alt=\"\" width=\"211\" height=\"300\" srcset=\"https:\/\/www.irwyn.de\/wp-content\/uploads\/2025\/02\/2025F_Plakat2_PNG-211x300.png 211w, https:\/\/www.irwyn.de\/wp-content\/uploads\/2025\/02\/2025F_Plakat2_PNG.png 607w\" sizes=\"auto, (max-width: 211px) 100vw, 211px\" \/><\/a><br \/>\n95 Verk\u00e4ufer verkauften 2097 Artikel<\/p>\n<\/div><\/div><\/div><!-- Story Year Section --><div data-cls=\"sc-nv-light vertical\" class=\"timeline-year scrollable-section ctl-year ctl-year-container light-year\" data-section-title=\"2024\" id=\"year-2024\"><div class=\"ctl-year-label ctl-year-text\"><span>2024<\/span><\/div><\/div><!-- Timeline Content --><div  id=\"ctl-story-1986\" class=\"ctl-story ctl-story-dot-icon odd ctl-story-right\" data-aos=\"none\"   data-story-index=\"3\" role=\"article\"><!-- Story Date --><div class=\"ctl-labels\"><div class=\"ctl-label-big story-date\">Oktober 26<\/div><\/div><!-- Story IconDot --><div class=\"ctl-icondot\"><\/div> <!-- Story Arrow --><div class=\"ctl-arrow\"><\/div><!-- Story Content --><div class=\"ctl-content\"><!-- Story Title --><div class=\"ctl-title story-1986\" aria-label=\"2\">Herbst 2024<\/div><!-- Story Description --><div class=\"ctl-description\"><p><a href=\"https:\/\/www.irwyn.de\/wp-content\/uploads\/2024\/08\/2024H-Plakat-web.png\"><img decoding=\"async\" loading=\"lazy\" class=\"alignnone size-medium wp-image-1530\" src=\"https:\/\/www.irwyn.de\/wp-content\/uploads\/2024\/08\/2024H-Plakat-web-213x300.png\" alt=\"\" width=\"213\" height=\"300\" srcset=\"https:\/\/www.irwyn.de\/wp-content\/uploads\/2024\/08\/2024H-Plakat-web-213x300.png 213w, https:\/\/www.irwyn.de\/wp-content\/uploads\/2024\/08\/2024H-Plakat-web.png 434w\" sizes=\"auto, (max-width: 213px) 100vw, 213px\" \/><\/a><br \/>\n98 Verk\u00e4ufer verkauften 1626 Artikel<\/p>\n<\/div><\/div><\/div><!-- Timeline Content --><div  id=\"ctl-story-1985\" class=\"ctl-story ctl-story-dot-icon even ctl-story-left\" data-aos=\"none\"   data-story-index=\"4\" role=\"article\"><!-- Story Date --><div class=\"ctl-labels\"><div class=\"ctl-label-big story-date\">April 6<\/div><\/div><!-- Story IconDot --><div class=\"ctl-icondot\"><\/div> <!-- Story Arrow --><div class=\"ctl-arrow\"><\/div><!-- Story Content --><div class=\"ctl-content\"><!-- Story Title --><div class=\"ctl-title story-1985\" aria-label=\"2\">Fr\u00fchjahr 2024<\/div><!-- Story Description --><div class=\"ctl-description\"><p><a href=\"https:\/\/www.irwyn.de\/wp-content\/uploads\/2024\/02\/basar_spring_web.png\"><img decoding=\"async\" loading=\"lazy\" class=\"alignnone size-medium wp-image-1361\" src=\"https:\/\/www.irwyn.de\/wp-content\/uploads\/2024\/02\/basar_spring_web-212x300.png\" alt=\"\" width=\"212\" height=\"300\" srcset=\"https:\/\/www.irwyn.de\/wp-content\/uploads\/2024\/02\/basar_spring_web-212x300.png 212w, https:\/\/www.irwyn.de\/wp-content\/uploads\/2024\/02\/basar_spring_web-724x1024.png 724w, https:\/\/www.irwyn.de\/wp-content\/uploads\/2024\/02\/basar_spring_web-768x1087.png 768w, https:\/\/www.irwyn.de\/wp-content\/uploads\/2024\/02\/basar_spring_web-1085x1536.png 1085w, https:\/\/www.irwyn.de\/wp-content\/uploads\/2024\/02\/basar_spring_web.png 1447w\" sizes=\"auto, (max-width: 212px) 100vw, 212px\" \/><\/a><br \/>\n97 Verk\u00e4ufer verkauften 1622 Artikel<\/p>\n<\/div><\/div><\/div><!-- Story Year Section --><div data-cls=\"sc-nv-light vertical\" class=\"timeline-year scrollable-section ctl-year ctl-year-container light-year\" data-section-title=\"2023\" id=\"year-2023\"><div class=\"ctl-year-label ctl-year-text\"><span>2023<\/span><\/div><\/div><!-- Timeline Content --><div  id=\"ctl-story-1984\" class=\"ctl-story ctl-story-dot-icon odd ctl-story-right\" data-aos=\"none\"   data-story-index=\"5\" role=\"article\"><!-- Story Date --><div class=\"ctl-labels\"><div class=\"ctl-label-big story-date\">Oktober 7<\/div><\/div><!-- Story IconDot --><div class=\"ctl-icondot\"><\/div> <!-- Story Arrow --><div class=\"ctl-arrow\"><\/div><!-- Story Content --><div class=\"ctl-content\"><!-- Story Title --><div class=\"ctl-title story-1984\" aria-label=\"2\">Herbst 2023<\/div><!-- Story Description --><div class=\"ctl-description\"><p><a href=\"https:\/\/www.irwyn.de\/wp-content\/uploads\/2023\/09\/Herbst-2023-e1693733944827.png\"><img decoding=\"async\" loading=\"lazy\" class=\"alignnone size-medium wp-image-1298\" src=\"https:\/\/www.irwyn.de\/wp-content\/uploads\/2023\/09\/Herbst-2023-211x300.png\" alt=\"\" width=\"211\" height=\"300\" \/><\/a><br \/>\n99 Verk\u00e4ufer verkauften 1837 Artikel<\/p>\n<\/div><\/div><\/div><!-- Timeline Content --><div  id=\"ctl-story-1983\" class=\"ctl-story ctl-story-dot-icon even ctl-story-left\" data-aos=\"none\"   data-story-index=\"6\" role=\"article\"><!-- Story Date --><div class=\"ctl-labels\"><div class=\"ctl-label-big story-date\">M\u00e4rz 11<\/div><\/div><!-- Story IconDot --><div class=\"ctl-icondot\"><\/div> <!-- Story Arrow --><div class=\"ctl-arrow\"><\/div><!-- Story Content --><div class=\"ctl-content\"><!-- Story Title --><div class=\"ctl-title story-1983\" aria-label=\"2\">Fr\u00fchjahr 2023<\/div><!-- Story Description --><div class=\"ctl-description\"><p><a href=\"https:\/\/www.irwyn.de\/wp-content\/uploads\/2023\/02\/Ankuendigung_Basar_2023.png\"><img decoding=\"async\" loading=\"lazy\" class=\"alignnone size-medium wp-image-1196\" src=\"https:\/\/www.irwyn.de\/wp-content\/uploads\/2023\/02\/Ankuendigung_Basar_2023-212x300.png\" alt=\"\" width=\"212\" height=\"300\" srcset=\"https:\/\/www.irwyn.de\/wp-content\/uploads\/2023\/02\/Ankuendigung_Basar_2023-212x300.png 212w, https:\/\/www.irwyn.de\/wp-content\/uploads\/2023\/02\/Ankuendigung_Basar_2023-724x1024.png 724w, https:\/\/www.irwyn.de\/wp-content\/uploads\/2023\/02\/Ankuendigung_Basar_2023-768x1086.png 768w, https:\/\/www.irwyn.de\/wp-content\/uploads\/2023\/02\/Ankuendigung_Basar_2023-1086x1536.png 1086w, https:\/\/www.irwyn.de\/wp-content\/uploads\/2023\/02\/Ankuendigung_Basar_2023.png 1240w\" sizes=\"auto, (max-width: 212px) 100vw, 212px\" \/><\/a><br \/>\n97 Verk\u00e4ufer verkauften 1949 Artikel<\/p>\n<\/div><\/div><\/div><!-- Story Year Section --><div data-cls=\"sc-nv-light vertical\" class=\"timeline-year scrollable-section ctl-year ctl-year-container light-year\" data-section-title=\"2022\" id=\"year-2022\"><div class=\"ctl-year-label ctl-year-text\"><span>2022<\/span><\/div><\/div><!-- Timeline Content --><div  id=\"ctl-story-1982\" class=\"ctl-story ctl-story-dot-icon odd ctl-story-right\" data-aos=\"none\"   data-story-index=\"7\" role=\"article\"><!-- Story Date --><div class=\"ctl-labels\"><div class=\"ctl-label-big story-date\">Oktober 8<\/div><\/div><!-- Story IconDot --><div class=\"ctl-icondot\"><\/div> <!-- Story Arrow --><div class=\"ctl-arrow\"><\/div><!-- Story Content --><div class=\"ctl-content\"><!-- Story Title --><div class=\"ctl-title story-1982\" aria-label=\"2\">Herbst 2022<\/div><!-- Story Description --><div class=\"ctl-description\"><p><a href=\"https:\/\/www.irwyn.de\/wp-content\/uploads\/2022\/09\/2022-09-08_194430.png\"><img decoding=\"async\" loading=\"lazy\" class=\"alignnone size-medium wp-image-1120\" src=\"https:\/\/www.irwyn.de\/wp-content\/uploads\/2022\/09\/2022-09-08_194430-211x300.png\" alt=\"\" width=\"211\" height=\"300\" srcset=\"https:\/\/www.irwyn.de\/wp-content\/uploads\/2022\/09\/2022-09-08_194430-211x300.png 211w, https:\/\/www.irwyn.de\/wp-content\/uploads\/2022\/09\/2022-09-08_194430.png 614w\" sizes=\"auto, (max-width: 211px) 100vw, 211px\" \/><\/a><br \/>\n90 Verk\u00e4ufer verkauften 1696 Artikel<\/p>\n<\/div><\/div><\/div><!-- Story Year Section --><div data-cls=\"sc-nv-light vertical\" class=\"timeline-year scrollable-section ctl-year ctl-year-container light-year\" data-section-title=\"2020\" id=\"year-2020\"><div class=\"ctl-year-label ctl-year-text\"><span>2020<\/span><\/div><\/div><!-- Timeline Content --><div  id=\"ctl-story-1980\" class=\"ctl-story ctl-story-dot-icon even ctl-story-left\" data-aos=\"none\"   data-story-index=\"8\" role=\"article\"><!-- Story Date --><div class=\"ctl-labels\"><div class=\"ctl-label-big story-date\">M\u00e4rz 14<\/div><\/div><!-- Story IconDot --><div class=\"ctl-icondot\"><\/div> <!-- Story Arrow --><div class=\"ctl-arrow\"><\/div><!-- Story Content --><div class=\"ctl-content\"><!-- Story Title --><div class=\"ctl-title story-1980\" aria-label=\"2\">Corona<\/div><!-- Story Description --><div class=\"ctl-description\"><p><a href=\"https:\/\/www.irwyn.de\/wp-content\/uploads\/2020\/03\/Basar_2020_Fruehjahr-213x300-1.png\"><img decoding=\"async\" loading=\"lazy\" class=\"alignnone size-full wp-image-1047\" src=\"https:\/\/www.irwyn.de\/wp-content\/uploads\/2020\/03\/Basar_2020_Fruehjahr-213x300-1.png\" alt=\"\" width=\"213\" height=\"300\" \/><\/a><\/p>\n<\/div><\/div><\/div><!-- Timeline Content --><div  id=\"ctl-story-1979\" class=\"ctl-story ctl-story-dot-icon odd ctl-story-right\" data-aos=\"none\"   data-story-index=\"9\" role=\"article\"><!-- Story Date --><div class=\"ctl-labels\"><div class=\"ctl-label-big story-date\">M\u00e4rz 14<\/div><\/div><!-- Story IconDot --><div class=\"ctl-icondot\"><\/div> <!-- Story Arrow --><div class=\"ctl-arrow\"><\/div><!-- Story Content --><div class=\"ctl-content\"><!-- Story Title --><div class=\"ctl-title story-1979\" aria-label=\"2\">Fr\u00fchjahr 2020<\/div><!-- Story Description --><div class=\"ctl-description\"><p><a href=\"https:\/\/www.irwyn.de\/wp-content\/uploads\/2020\/01\/Basar_2020_Fruehjahr.png\"><img decoding=\"async\" loading=\"lazy\" class=\"alignnone size-medium wp-image-1012\" src=\"https:\/\/www.irwyn.de\/wp-content\/uploads\/2020\/01\/Basar_2020_Fruehjahr-213x300.png\" alt=\"\" width=\"213\" height=\"300\" srcset=\"https:\/\/www.irwyn.de\/wp-content\/uploads\/2020\/01\/Basar_2020_Fruehjahr-213x300.png 213w, https:\/\/www.irwyn.de\/wp-content\/uploads\/2020\/01\/Basar_2020_Fruehjahr.png 651w\" sizes=\"auto, (max-width: 213px) 100vw, 213px\" \/><\/a><br \/>\nKeiner verkaufte irgendetwas!<\/p>\n<\/div><\/div><\/div><!-- Story Year Section --><div data-cls=\"sc-nv-light vertical\" class=\"timeline-year scrollable-section ctl-year ctl-year-container light-year\" data-section-title=\"2019\" id=\"year-2019\"><div class=\"ctl-year-label ctl-year-text\"><span>2019<\/span><\/div><\/div><!-- Timeline Content --><div  id=\"ctl-story-1978\" class=\"ctl-story ctl-story-dot-icon even ctl-story-left\" data-aos=\"none\"   data-story-index=\"10\" role=\"article\"><!-- Story Date --><div class=\"ctl-labels\"><div class=\"ctl-label-big story-date\">Oktober 26<\/div><\/div><!-- Story IconDot --><div class=\"ctl-icondot\"><\/div> <!-- Story Arrow --><div class=\"ctl-arrow\"><\/div><!-- Story Content --><div class=\"ctl-content\"><!-- Story Title --><div class=\"ctl-title story-1978\" aria-label=\"2\">Herbst 2019<\/div><!-- Story Description --><div class=\"ctl-description\"><p><a href=\"https:\/\/www.irwyn.de\/wp-content\/uploads\/2019\/08\/Herbstbasar-2019.png\"><img decoding=\"async\" loading=\"lazy\" class=\"alignnone size-medium wp-image-950\" src=\"https:\/\/www.irwyn.de\/wp-content\/uploads\/2019\/08\/Herbstbasar-2019-212x300.png\" alt=\"\" width=\"212\" height=\"300\" srcset=\"https:\/\/www.irwyn.de\/wp-content\/uploads\/2019\/08\/Herbstbasar-2019-212x300.png 212w, https:\/\/www.irwyn.de\/wp-content\/uploads\/2019\/08\/Herbstbasar-2019.png 648w\" sizes=\"auto, (max-width: 212px) 100vw, 212px\" \/><\/a><br \/>\n95 Verk\u00e4ufer verkauften 1698 Artikel<\/p>\n<\/div><\/div><\/div>\t\t\t\t\t<\/div>\n\t\t\t\t\t<div class=\"ctl-end\"><\/div>\n\t\t\t\t\t<nav class=\"ctl-pagination\" aria-label=\"Timeline Navigation\"><span class=\"page-numbers ctl-page-num\" role=\"status\"> Page 1 of 4<\/span> <span aria-current=\"page\" class=\"page-numbers current\">1<\/span>\n<a class=\"page-numbers\" href=\"https:\/\/www.irwyn.de\/index.php?rest_route=%2Fwp%2Fv2%2Fpages%2F1972&#038;paged=2\">2<\/a>\n<span class=\"page-numbers dots\">&hellip;<\/span>\n<a class=\"page-numbers\" href=\"https:\/\/www.irwyn.de\/index.php?rest_route=%2Fwp%2Fv2%2Fpages%2F1972&#038;paged=4\">4<\/a>\n<a class=\"next page-numbers\" href=\"https:\/\/www.irwyn.de\/index.php?rest_route=%2Fwp%2Fv2%2Fpages%2F1972&#038;paged=2\"><svg xmlns=\"http:\/\/www.w3.org\/2000\/svg\" height=\"1em\" viewBox=\"0 0 448 512\">\n\t\t\t\t<path d=\"M224.3 273l-136 136c-9.4 9.4-24.6 9.4-33.9 0l-22.6-22.6c-9.4-9.4-9.4-24.6 0-33.9l96.4-96.4-96.4-96.4c-9.4-9.4-9.4-24.6 0-33.9L54.3 103c9.4-9.4 24.6-9.4 33.9 0l136 136c9.5 9.4 9.5 24.6.1 34zm192-34l-136-136c-9.4-9.4-24.6-9.4-33.9 0l-22.6 22.6c-9.4 9.4-9.4 24.6 0 33.9l96.4 96.4-96.4 96.4c-9.4 9.4-9.4 24.6 0 33.9l22.6 22.6c9.4 9.4 24.6 9.4 33.9 0l136-136c9.4-9.2 9.4-24.4 0-33.8z\"\/>\n\t\t\t\t<\/svg><\/a><\/nav>\t\t\t\t<\/div>\n\t\t\t<\/div>\n\t\t\t","protected":false},"excerpt":{"rendered":"<p>Vergangene Basare Klein aber fein &#8211; und alt.Der Basar &#8222;rund ums Kind&#8220; blickt auf eine lange erfolgreiche Vergangenheit zur\u00fcck.Viele flei\u00dfige Helfer bem\u00fchen sich seit Jahren einen Basar f\u00fcr Kinderkleidung auf die Beine zu stellen. Unsere aktuelle Statistik reicht bis in &hellip; <a href=\"https:\/\/www.irwyn.de\/?cool_timeline=herbst-2019\">Weiterlesen <span class=\"meta-nav\">&rarr;<\/span><\/a><\/p>\n","protected":false},"author":1,"featured_media":0,"parent":0,"menu_order":0,"comment_status":"closed","ping_status":"closed","template":"","meta":{"footnotes":""},"class_list":["post-1972","page","type-page","status-publish","hentry"],"_links":{"self":[{"href":"https:\/\/www.irwyn.de\/index.php?rest_route=\/wp\/v2\/pages\/1972","targetHints":{"allow":["GET"]}}],"collection":[{"href":"https:\/\/www.irwyn.de\/index.php?rest_route=\/wp\/v2\/pages"}],"about":[{"href":"https:\/\/www.irwyn.de\/index.php?rest_route=\/wp\/v2\/types\/page"}],"author":[{"embeddable":true,"href":"https:\/\/www.irwyn.de\/index.php?rest_route=\/wp\/v2\/users\/1"}],"replies":[{"embeddable":true,"href":"https:\/\/www.irwyn.de\/index.php?rest_route=%2Fwp%2Fv2%2Fcomments&post=1972"}],"version-history":[{"count":5,"href":"https:\/\/www.irwyn.de\/index.php?rest_route=\/wp\/v2\/pages\/1972\/revisions"}],"predecessor-version":[{"id":1994,"href":"https:\/\/www.irwyn.de\/index.php?rest_route=\/wp\/v2\/pages\/1972\/revisions\/1994"}],"wp:attachment":[{"href":"https:\/\/www.irwyn.de\/index.php?rest_route=%2Fwp%2Fv2%2Fmedia&parent=1972"}],"curies":[{"name":"wp","href":"https:\/\/api.w.org\/{rel}","templated":true}]}}