{"id":18,"date":"2008-02-17T19:00:47","date_gmt":"2008-02-17T17:00:47","guid":{"rendered":"http:\/\/www.irwyn.de\/?page_id=18"},"modified":"2026-03-06T19:11:30","modified_gmt":"2026-03-06T18:11:30","slug":"anbieten-faq","status":"publish","type":"page","link":"https:\/\/www.irwyn.de\/?page_id=18","title":{"rendered":"Anbieten-FAQ"},"content":{"rendered":"<h4><strong><span style=\"font-family: comic sans ms,sans-serif; font-size: 18pt;\">Fragen und Antworten<\/span><\/strong><\/h4>\n<h3><span style=\"font-size: 14pt;\"><strong><span style=\"font-family: comic sans ms,sans-serif;\">Sind die Anlieferzeiten fix?<\/span><\/strong><\/span><\/h3>\n<p><span style=\"font-family: comic sans ms,sans-serif;\">Ja, wir m\u00fcssen leider darauf bestehen, da das Basarteam und auch die Helfer einmal Feierabend haben wollen. Sie k\u00f6nnen aber auch Bekannte oder Verwandte bitten die Ware anzuliefern oder abzuholen. Die Angabe der Nummer reicht vollkommen aus. Die Ware wird bei der Abholung gegen Unterschrift ausgegeben.<\/span><\/p>\n<h3><strong><span style=\"font-family: comic sans ms,sans-serif; font-size: 14pt;\">Warum muss ich alles mit Preisschildern versehen?<\/span><\/strong><\/h3>\n<p><span style=\"font-family: comic sans ms,sans-serif;\">Der Basar ist so organisiert, dass die Waren nach Sorten und Gr\u00f6\u00dfen sortiert angeboten werden. Je nach &#8222;W\u00fchltisch&#8220; stehen hier Hosen, dort Pullis, dort eine Kiste mit Socken.Um den Eigent\u00fcmer und den Preis festzustellen, ist ein richtig befestigtes Schild Pflicht. Die Schilder sollten nach der Vorgabe ausgef\u00fcllt sein, um den Abrechnern das schnelle Finden der Daten zu erleichtern.<\/span><\/p>\n<h3><strong><span style=\"font-family: comic sans ms,sans-serif; font-size: 14pt;\">Was ist, wenn mein Schild abgerissen ist?<\/span><\/strong><\/h3>\n<p><span style=\"font-family: comic sans ms,sans-serif;\">Wenn der Basar zu Ende ist, werden die nicht verkauften Waren wieder in die Beh\u00e4lter der Eigent\u00fcmer sortiert. Sollte dabei auffallen, dass ein Schild fehlt, so werden diese Waren extra gesammelt und k\u00f6nnen auch sp\u00e4ter noch abgeholt werden.<\/span><\/p>\n<h3><span style=\"font-size: 14pt;\"><strong><span style=\"font-family: comic sans ms,sans-serif;\">Tesakrepp, warum Tesakrepp?<\/span><\/strong><\/span><\/h3>\n<p><span style=\"font-family: comic sans ms,sans-serif;\">Tesakrepp eignet sich hervorragend dazu r\u00fcckstandsfrei wieder entfernt werden zu k\u00f6nnen. Sie kaufen ein Spiel, welches mit Tesafilm beklebt wurde. Das Entfernen des Films kommt einher mit dem Abl\u00f6sen der Oberfl\u00e4che. Das m\u00f6chte keiner so gerne. Das Preisschild muss au\u00dferdem auch f\u00fcr die Abrechnung abgemacht werden, was in der Eile bei Tesafilm ein langwieriges &#8222;geknibbel&#8220; ist.<\/span><\/p>\n<h3><span style=\"font-size: 14pt;\"><strong><span style=\"font-family: comic sans ms,sans-serif;\">Warum soll ich meine Telefonnummer angeben?<\/span><\/strong><\/span><\/h3>\n<p><span style=\"font-family: comic sans ms,sans-serif;\">Die Angabe der Telefonnummer erleichtert sp\u00e4tere Reklamationen.Sie kaufen eine wundersch\u00f6ne CD, freuen sich und stellen zu Hause fest, dass diese einen so tiefen Kratzer hat, dass sie nicht abspielbar ist. Sie erwerben ein technisches Ger\u00e4t. Sie k\u00f6nnen es vor Ort nicht pr\u00fcfen. So k\u00f6nnen Sie sich mit dem Voreigent\u00fcmer in Verbindung setzten. Wir versuchen dadurch einen gewisses Angebot an &#8222;Schund&#8220; abzublocken und Sie k\u00f6nnen sicherer sein, nicht solchen zu erwerben.<\/span><\/p>\n<h3><span style=\"font-size: 14pt;\"><strong><span style=\"font-family: comic sans ms,sans-serif;\">Nur Saisonware? Nur 50 Teile ?<\/span><\/strong><\/span><\/h3>\n<p><span style=\"font-family: comic sans ms,sans-serif;\">Leider m\u00fcssen wir uns auf die angegebene Menge an Kleidungsst\u00fccke begrenzen. Das r\u00e4umliche Angebot im Pfarrheim ist leicht begrenzt. Dies ist auch der Grund, warum wir max 100 Nummern vergeben k\u00f6nnen. 5.500 Kleidungsst\u00fccke + Schuhe + Spielzeug und + Gro\u00dfger\u00e4te ordentlich sortiert unterzubringen ist leider das Maximum.<\/span><\/p>\n<h3><span style=\"font-size: 14pt;\"><strong><span style=\"font-family: comic sans ms,sans-serif;\">K\u00f6rbe, Klappboxen, T\u00fcten?<\/span><\/strong><\/span><\/h3>\n<p><span style=\"font-family: comic sans ms,sans-serif;\">Zum Ende des Basars werden alle Beh\u00e4lter der Reihe nach aufgestellt und die \u00fcbrige Ware dort rein gelegt. Darum bitten wir um eine gro\u00dfe Nummer auf den Beh\u00e4ltern. Auch T\u00fcten und Taschen sind recht sinnfrei f\u00fcr diese Sortieraktion.<\/span><\/p>\n<h3><span style=\"font-size: 14pt;\"><strong><span style=\"font-family: comic sans ms,sans-serif;\">Wenn Sachen &#8222;verschwinden&#8220;, was dann?<\/span><\/strong><\/span><\/h3>\n<p><span style=\"font-family: comic sans ms,sans-serif;\">Wir geben zu, dass die Gefahr besteht, dass auch bei einem solchen Basar die Waren einfach eingesteckt und nicht bezahlt werden. Wir haben aber aus den Erfahrungen der letzten Jahre gelernt und ausreichend Personal angeheuert,\u00a0 welches unauff\u00e4llig die Besucher im Auge beh\u00e4lt.\u00a0 Bei Verdacht f\u00fchren wir auch Taschenkontrollen durch. Sollte trotzdem Ware gestohlen werden, so k\u00f6nnen wir hier leider keine Erstattung gew\u00e4hren. Ebenso k\u00f6nnen wir bei Besch\u00e4digung keine Haftung \u00fcbernehmen.<\/span><\/p>\n<h3><strong><span style=\"font-family: comic sans ms,sans-serif; font-size: 14pt;\">Die H\u00e4lfte der 20% f\u00fcr den Kindergarten, warum das denn?<\/span><\/strong><\/h3>\n<p><span style=\"font-family: comic sans ms,sans-serif;\">Die kath. Pfarrgemeinde St. Cosmas &amp; Damian Gro\u00df D\u00fcngen als Tr\u00e4ger des Kindergartens stellt freundlicherweise seine R\u00e4umlichkeiten zur Verf\u00fcgung. Der Basar an sich steht zwar unter der Schirmherrschaft dieser Einrichtung, ist aber rein privat von den Kindergarteneltern organisiert.<br \/>\nDarum gehen die H\u00e4lfte der 20% an den F\u00f6rderverein des Kindergartens.<br \/>\n<\/span><\/p>\n<h3><strong><span style=\"font-family: comic sans ms,sans-serif; font-size: 14pt;\">Die andere H\u00e4lfte der 20% f\u00fcr die Grundschule, ist das neu?<\/span><\/strong><\/h3>\n<p><span style=\"font-family: comic sans ms,sans-serif;\">Jain, ab dem Herbstbasar 2024 habe wir uns entschlossen, die 20% des Erl\u00f6ses aufzuteilen. Schlie\u00dflich soll das Geld auch den Schulkindern zugutekommen.<br \/>\nAu\u00dferdem haben wir festgestellt, das die Hilfe der Schuleltern auch belohnt werden soll.<\/span><\/p>\n","protected":false},"excerpt":{"rendered":"<p>Fragen und Antworten Sind die Anlieferzeiten fix? Ja, wir m\u00fcssen leider darauf bestehen, da das Basarteam und auch die Helfer einmal Feierabend haben wollen. Sie k\u00f6nnen aber auch Bekannte oder Verwandte bitten die Ware anzuliefern oder abzuholen. Die Angabe der &hellip; <a href=\"https:\/\/www.irwyn.de\/?page_id=18\">Weiterlesen <span class=\"meta-nav\">&rarr;<\/span><\/a><\/p>\n","protected":false},"author":1,"featured_media":0,"parent":0,"menu_order":0,"comment_status":"closed","ping_status":"closed","template":"","meta":{"footnotes":""},"class_list":["post-18","page","type-page","status-publish","hentry"],"_links":{"self":[{"href":"https:\/\/www.irwyn.de\/index.php?rest_route=\/wp\/v2\/pages\/18","targetHints":{"allow":["GET"]}}],"collection":[{"href":"https:\/\/www.irwyn.de\/index.php?rest_route=\/wp\/v2\/pages"}],"about":[{"href":"https:\/\/www.irwyn.de\/index.php?rest_route=\/wp\/v2\/types\/page"}],"author":[{"embeddable":true,"href":"https:\/\/www.irwyn.de\/index.php?rest_route=\/wp\/v2\/users\/1"}],"replies":[{"embeddable":true,"href":"https:\/\/www.irwyn.de\/index.php?rest_route=%2Fwp%2Fv2%2Fcomments&post=18"}],"version-history":[{"count":13,"href":"https:\/\/www.irwyn.de\/index.php?rest_route=\/wp\/v2\/pages\/18\/revisions"}],"predecessor-version":[{"id":2066,"href":"https:\/\/www.irwyn.de\/index.php?rest_route=\/wp\/v2\/pages\/18\/revisions\/2066"}],"wp:attachment":[{"href":"https:\/\/www.irwyn.de\/index.php?rest_route=%2Fwp%2Fv2%2Fmedia&parent=18"}],"curies":[{"name":"wp","href":"https:\/\/api.w.org\/{rel}","templated":true}]}}