{"id":1237,"date":"2023-08-27T17:56:15","date_gmt":"2023-08-27T15:56:15","guid":{"rendered":"https:\/\/www.irwyn.de\/?page_id=1237"},"modified":"2026-02-21T12:38:16","modified_gmt":"2026-02-21T11:38:16","slug":"anbieten-07-10-2023","status":"publish","type":"page","link":"https:\/\/www.irwyn.de\/?page_id=1237","title":{"rendered":"Anbieten 18.04.2026"},"content":{"rendered":"\n<h4 class=\"wp-block-heading\"><strong> <a href=\"http:\/\/www.irwyn.de\/wp-content\/uploads\/2017\/01\/bs-Anbieten-1.png\"><img loading=\"lazy\" decoding=\"async\" class=\"alignnone size-medium wp-image-367\" src=\"http:\/\/www.irwyn.de\/wp-content\/uploads\/2017\/01\/bs-Anbieten-1-300x75.png\" alt=\"\" width=\"300\" height=\"75\" srcset=\"https:\/\/www.irwyn.de\/wp-content\/uploads\/2017\/01\/bs-Anbieten-1-300x75.png 300w, https:\/\/www.irwyn.de\/wp-content\/uploads\/2017\/01\/bs-Anbieten-1.png 400w\" sizes=\"auto, (max-width: 300px) 100vw, 300px\" \/><\/a><\/strong><\/h4>\n\n\n\n<h4 class=\"wp-block-heading has-medium-font-size\"><strong><span style=\"font-family: comic sans ms, sans-serif;\">Basar am 18.04.2026 f\u00fcr Fr\u00fchjahr \/ Sommer<\/span><br \/><\/strong><\/h4>\n\n\n\n<h3 class=\"wp-block-heading has-large-font-size\" style=\"font-style:normal;font-weight:400\"><span style=\"font-family: comic sans ms,sans-serif;\"><strong>Anlieferung \/ Abholung:<\/strong><\/span><\/h3>\n\n\n\n<figure class=\"wp-block-table has-medium-font-size\"><table><thead><tr><th>Was<\/th><th>Wann<\/th><\/tr><\/thead><tbody><tr><td>R\u00fcckmeldung Stammnummern<\/td><td>bis 16.03.2026!<\/td><\/tr><tr><td>Allgemeiner Annahmeschluss<\/td><td>gibt es derzeit nicht<\/td><\/tr><tr><td>Anlieferung der Artikel<\/td><td>Samstag, 18.04.2026, 9:00 &#8211; 10:30 Uhr<\/td><\/tr><tr><td>Kuchenannahme<\/td><td>dto., 9:00 &#8211; 12:00 Uhr <br \/>Kuchenplatten beschriften!<\/td><\/tr><tr><td>Cafeteria<\/td><td>dto., 13:30 &#8211; 15:30 Uhr<\/td><\/tr><tr><td>Abholung der Waren<\/td><td>Samstag, 18.04.2026, 19:00 &#8211; 19:30 Uhr<\/td><\/tr><tr><td>Basarzeiten<\/td><td>Grunds\u00e4tzlich 18.4.2026 14:00 &#8211; 16:00<br \/>Einlass Schwangere und Eltern mit Neugeborenen Einlass ab 13:30 Uhr<\/td><\/tr><\/tbody><\/table><\/figure>\n\n\n\n<p class=\"has-medium-font-size\">Wichtige Hinweise<\/p>\n\n\n\n<h2 class=\"wp-block-heading has-medium-font-size\"><span style=\"font-family: comic sans ms, sans-serif;\"><strong>Wichtige Hinweise zur Durchf\u00fchrung des Basars:<\/strong><\/span><\/h2>\n\n\n\n<p class=\"has-medium-font-size\"><span style=\"font-family: comic sans ms, sans-serif;\">Um die Waren abzugeben, m\u00fcssen Sie sich eine Verkaufsnummer geben lassen. Dies geschieht ausschlie\u00dflich \u00fcber diese Website zum angek\u00fcndigtem Zeitpunkt. Wenn die Nummern vergeben sind wird eine Warteliste eingerichtet.<\/span><br \/><span style=\"font-family: comic sans ms, sans-serif;\">Allgemeine Fragen unter Mail: <a href=\"mailto:basar-gd@gmx.de\">basar-gd@gmx.de<\/a>.<\/span><\/p>\n\n\n\n<hr class=\"wp-block-separator has-alpha-channel-opacity\"\/>\n\n\n\n<h4 class=\"wp-block-heading\" style=\"font-size:30px\"><span style=\"font-family: comic sans ms, sans-serif;\"><strong>1. Allgemeine Hinweise zum Verkauf<\/strong><\/span><\/h4>\n\n\n\n<p class=\"has-medium-font-size\"><span style=\"font-family: comic sans ms, sans-serif;\">In den Verkauf kommen nur <strong>gut erhaltene, saubere Kleidung der Saison<\/strong>. <\/span>Bitte  beachten Sie die maximale Kindergr\u00f6\u00dfe der Kleidung von <strong>Gr\u00f6\u00dfe 176<\/strong>. <span style=\"font-family: comic sans ms, sans-serif;\">Die Ware wird von uns durchgesehen und wir behalten uns vor, Artikel auszusortieren.<\/span><br \/><span style=\"font-family: comic sans ms, sans-serif;\">Es k\u00f6nnen <strong>maximal 50 Bekleidungsst\u00fccke, 2 Paar Schuhe<\/strong> (entweder Stra\u00dfen-, Sport- oder Hausschuhe) sowie Gro\u00dfger\u00e4te (Kinderwagen, Gro\u00dfspielzeug, Fahrrad), Sport- und Spielsachen (<span style=\"text-decoration: underline;\">keine Pl\u00fcschtiere<\/span> und <span style=\"text-decoration: underline;\">keine selbstgebrannten CDs<\/span>) angenommen werden.<\/span><\/p>\n\n\n\n<hr class=\"wp-block-separator has-alpha-channel-opacity\"\/>\n\n\n\n<h4 class=\"wp-block-heading\" style=\"font-size:30px\"><span style=\"font-family: comic sans ms, sans-serif;\"><strong>2. Auspreisung der Ware<\/strong><\/span><\/h4>\n\n\n\n<p class=\"has-medium-font-size\">Jeder zu verkaufende Artikel muss mit einem Preisschild versehen werden.<br \/>Die <strong>Nummer sowie Gr\u00f6\u00dfe und Preis<\/strong> sind auf das Schild zu schreiben. <br \/>Dieses bitte <strong>gut sichtbar<\/strong> am Kleidungsst\u00fcck befestigen, am besten mit einem festen Band (z.B. Geschenkband).<br \/>Bitte <strong>nicht<\/strong> klammern, <strong><span style=\"text-decoration: underline;\">kein<\/span><\/strong> Tesafilm, Sicherheitsnadeln oder Stecknadeln verwenden, da diese Ware nicht in den Verkauf kommt! Falls Sie das Schild ann\u00e4hen bitte auf festen Faden und festen Knoten achten!<br \/>F\u00fcr die Schilder <strong>festes helles gut lesbares Papier<\/strong> verwenden. Die optimale Gr\u00f6\u00dfe des Schildes sollte <strong>etwa Scheckartengr\u00f6\u00dfe<\/strong> betragen.<br \/>Die Schilder sind entsprechend dem folgenden Muster <strong>eindeutig leserlich<\/strong> zu beschriften:<\/p>\n\n\n\n<p class=\"has-text-align-center has-medium-font-size\" style=\"font-style:normal;font-weight:500\"><span style=\"font-size: 10pt;\"><strong><span style=\"font-family: Arial;\">Nr. in <span style=\"color: red;\">rot<\/span> oben links und eingekreist<br \/>Preis mittig<br \/>Gr\u00f6\u00dfe unten rechts<\/span><\/strong><\/span><\/p>\n\n\n\n<p class=\"has-medium-font-size\">Auf den Schildern darf <strong><span style=\"text-decoration: underline;\">nichts durchgestrichen<\/span><\/strong> oder <strong>mit TippEx ver\u00e4ndert<\/strong> werden. Zum Aufkleben des Preisschildes bitte ausschlie\u00dflich <strong>Tesakrepp verwenden. <\/strong> <strong>Dies gilt nicht f\u00fcr Kleidung und Schuhe.<\/strong><br \/><br \/><strong>Wir behalten uns vor Artikel mit unvollst\u00e4ndiger und unleserlicher Auspreisung nicht in den Verkauf zu geben und \u00fcbernehmen keine Haftung bei fehlerhafter Auspreisung.<\/strong><\/p>\n\n\n\n<p class=\"has-medium-font-size\">Ob der Tatsache, dass wir <strong>Kleinstgeld vermeiden<\/strong> m\u00f6chten, preisen Sie bitte entsprechend gerundet &#8211; <strong>aktuell auf mindestens 50 Cent<\/strong> &#8211; aus.<\/p>\n\n\n\n<hr class=\"wp-block-separator has-alpha-channel-opacity\"\/>\n\n\n\n<h4 class=\"wp-block-heading\" style=\"font-size:30px\"><span style=\"font-family: comic sans ms, sans-serif;\"><strong>3. Hinweise zum Verkauf von Spielzeug und Elektronikartikeln<\/strong><\/span><\/h4>\n\n\n\n<p class=\"has-medium-font-size\">Um den Verlust von Einzelteilen zu vermeiden, bitte alle Spiele u. \u00e4. ausreichend mit Tesakrepp verschlie\u00dfen. <br \/>Alle Spiele (Gesellschaftsspiele, Puzzle etc.) sowie CD-Rom\u2018s, DVD, Video, Playstation, Gameboy, Cassetten, Elektroartikel versehen Sie bitte <strong>zus\u00e4tzlich mit Ihrem Namen und Ihrer Telefonnummer<\/strong> (nicht auf das Preisschild). <br \/>Achten Sie bitte auf FSK \u2013 nicht \u00fcber 12 Jahre.<br \/><strong>Au\u00dferdem behalten wir uns vor, Spiele, B\u00fccher o. \u00e4., die mit Tesafilm beklebt sind, nicht in den Verkauf zu geben, da diese durch den festen Klebestreifen oft besch\u00e4digt werden.<\/strong><\/p>\n\n\n\n<p class=\"has-medium-font-size\">Gro\u00dfger\u00e4te wie Fahrr\u00e4der und Kindersitze sowie Elektroger\u00e4te sollen den aktuellen Normen und Sicherheitsstandards entsprechen und technisch OK sein.Sie d\u00fcrfen keine offensichtlichen M\u00e4ngel aufzeigen und m\u00fcssen f\u00fcr den Handel in der EU zugelassen sein.<\/p>\n\n\n\n<hr class=\"wp-block-separator has-alpha-channel-opacity\"\/>\n\n\n\n<h4 class=\"wp-block-heading\" style=\"font-size:30px\"><span style=\"font-family: comic sans ms, sans-serif;\"><strong>4. Hinweise zur Abgabe der zu verkaufenden Sachen<\/strong><\/span><\/h4>\n\n\n\n<p class=\"has-medium-font-size\">Geben Sie Ihre Sachen bitte in <strong>Klappboxen, K\u00f6rben oder festen Kartons<\/strong> ab und beschriften diese gro\u00df mit Ihrer <strong>Kundennummer an allen Seiten<\/strong>.<br \/>Bitte geben sie <strong>Kleidung und Spielzeug in getrennte Transportboxen<\/strong> ab, da diese in unterschiedlichen Etagen angeboten werden und so besser zur\u00fcck sortiert werden k\u00f6nnen.<br \/><strong>Ware in Plastiktaschen wird nicht angenommen!<\/strong><\/p>\n\n\n\n<p class=\"has-medium-font-size\"><strong>Wichtig:<\/strong><br \/>Beider Abgabe der zu verkaufenden Sachen wird dem Abgebenden ein Abholausweis \u00fcbergeben. <br \/>Nur der <strong>Inhaber des Ausweises<\/strong> ist berechtigt, die nicht verkauften Sachen wieder abzuholen. N\u00e4here Info auf dem Abholausweis.<\/p>\n\n\n\n<hr class=\"wp-block-separator has-alpha-channel-opacity\"\/>\n\n\n\n<h4 class=\"wp-block-heading\" style=\"font-size:30px\"><span style=\"font-family: comic sans ms, sans-serif;\"><strong>5. Sonstiges<\/strong><\/span><\/h4>\n\n\n\n<p class=\"has-medium-font-size\">Die Sachen m\u00fcssen am <strong>Basartag (Samstag)<\/strong> zwischen <br \/><strong>9.00 Uhr<\/strong> und <strong>10.30 Uhr<\/strong> abgegeben und am <strong>Basartag (Samstag) <\/strong><br \/><strong>von 19:00 Uhr<\/strong> bis <strong>19.30 Uhr<\/strong> abgeholt werden.<br \/><br \/>20% des Verkaufserl\u00f6ses gehen zur H\u00e4lfte an den F\u00f6rderverein des Kindergartens St. Cosmas &amp; Damian und zur H\u00e4lfte an den F\u00f6rderverein der Joseph-M\u00fcller-Grundschule in Gro\u00df D\u00fcngen.<br \/><br \/><span style=\"font-family: comic sans ms, sans-serif;\"><strong>F\u00fcr die abgegebene Ware wird bei Verlust oder Besch\u00e4digung keine Haftung \u00fcbernommen.<\/strong><\/span><br \/><br \/><strong>Obacht:<\/strong> Wir m\u00f6chten den Aufwand bei der Abrechnung und die Masse an Kupferm\u00fcnzen reduzieren. Daher runden wir den Endbetrag bei der Auszahlung auf 10 Cent ab.<\/p>\n\n\n\n<p class=\"has-medium-font-size\"><strong>Achtung: Abgegebene B\u00fcgel werden NICHT zur\u00fcck sortiert. <\/strong><\/p>\n\n\n\n<hr class=\"wp-block-separator has-alpha-channel-opacity\"\/>\n\n\n\n<h4 class=\"wp-block-heading\" style=\"font-size:30px\"><span style=\"font-family: comic sans ms, sans-serif;\"><b>6. Datenschutz<\/b><\/span><\/h4>\n\n\n\n<p><span style=\"font-family: comic sans ms,sans-serif;\"><b><\/b>Man beachte die Sache mit dem Datenschutz \u2026<\/span><br \/><span style=\"font-family: comic sans ms,sans-serif;\"><a href=\"https:\/\/www.irwyn.de\/?page_id=500\">Datenschutzerkl\u00e4rung<\/a> dieser Website<\/span><br \/><span style=\"font-family: comic sans ms,sans-serif;\"><a href=\"https:\/\/www.irwyn.de\/?page_id=555\">Datenschutzordnung<\/a> des Basar(Teams)<\/span><\/p>\n","protected":false},"excerpt":{"rendered":"<p>Basar am 18.04.2026 f\u00fcr Fr\u00fchjahr \/ Sommer Anlieferung \/ Abholung: Was Wann R\u00fcckmeldung Stammnummern bis 16.03.2026! Allgemeiner Annahmeschluss gibt es derzeit nicht Anlieferung der Artikel Samstag, 18.04.2026, 9:00 &#8211; 10:30 Uhr Kuchenannahme dto., 9:00 &#8211; 12:00 Uhr Kuchenplatten beschriften! Cafeteria &hellip; <a href=\"https:\/\/www.irwyn.de\/?page_id=1237\">Weiterlesen <span class=\"meta-nav\">&rarr;<\/span><\/a><\/p>\n","protected":false},"author":1,"featured_media":0,"parent":0,"menu_order":0,"comment_status":"closed","ping_status":"closed","template":"","meta":{"footnotes":""},"class_list":["post-1237","page","type-page","status-publish","hentry"],"_links":{"self":[{"href":"https:\/\/www.irwyn.de\/index.php?rest_route=\/wp\/v2\/pages\/1237","targetHints":{"allow":["GET"]}}],"collection":[{"href":"https:\/\/www.irwyn.de\/index.php?rest_route=\/wp\/v2\/pages"}],"about":[{"href":"https:\/\/www.irwyn.de\/index.php?rest_route=\/wp\/v2\/types\/page"}],"author":[{"embeddable":true,"href":"https:\/\/www.irwyn.de\/index.php?rest_route=\/wp\/v2\/users\/1"}],"replies":[{"embeddable":true,"href":"https:\/\/www.irwyn.de\/index.php?rest_route=%2Fwp%2Fv2%2Fcomments&post=1237"}],"version-history":[{"count":22,"href":"https:\/\/www.irwyn.de\/index.php?rest_route=\/wp\/v2\/pages\/1237\/revisions"}],"predecessor-version":[{"id":2043,"href":"https:\/\/www.irwyn.de\/index.php?rest_route=\/wp\/v2\/pages\/1237\/revisions\/2043"}],"wp:attachment":[{"href":"https:\/\/www.irwyn.de\/index.php?rest_route=%2Fwp%2Fv2%2Fmedia&parent=1237"}],"curies":[{"name":"wp","href":"https:\/\/api.w.org\/{rel}","templated":true}]}}